{"id":17,"date":"2025-02-17T08:24:46","date_gmt":"2025-02-17T08:24:46","guid":{"rendered":"https:\/\/demos.coderplace.com\/woo\/WCM03\/WCM03068\/?page_id=17"},"modified":"2025-07-21T14:07:35","modified_gmt":"2025-07-21T12:07:35","slug":"general-condition","status":"publish","type":"page","link":"https:\/\/cityvisionshop.com\/en\/general-condition\/","title":{"rendered":"General condition"},"content":{"rendered":"<div data-elementor-type=\"wp-page\" data-elementor-id=\"17\" class=\"elementor elementor-17\" wpc-filter-elementor-widget=\"1\" data-elementor-post-type=\"page\">\n\t\t\t\t<div class=\"elementor-element elementor-element-3a9bf13b e-con-full e-flex e-con e-parent\" data-id=\"3a9bf13b\" data-element_type=\"container\">\n\t\t\t\t<div class=\"elementor-element elementor-element-612ff64c elementor-widget elementor-widget-text-editor\" data-id=\"612ff64c\" data-element_type=\"widget\" data-widget_type=\"text-editor.default\">\n\t\t\t\t<div class=\"elementor-widget-container\">\n\t\t\t\t\t\t\t\t\t<p data-pm-slice=\"1 1 []\"><b>General Terms<\/b><\/p><p data-pm-slice=\"1 1 []\">Ce site Internet est propos\u00e9\u00a0 par <a href=\"http:\/\/cityvisionshop.com\">CITY VISION SARL<\/a>, a company with share capital of \u20ac90,000, registered with the Bobigny Trade and Companies Registry under number B 438 998 767.<\/p><p>City Vision provides information and products for sale on its website, subject to the general conditions of use and sale set out in this document. City Vision's aim is to provide accurate and up-to-date information, but it cannot avoid all risk of material error.<\/p><p>By clicking on 'I have read and accept the <a href=\"#\">conditions g\u00e9n\u00e9rales.<\/a>You acknowledge that you have read, understood and accepted these terms and conditions. City Vision reserves the right to change these conditions and prices at any time. Use of the website will be subject to the most recent version of the terms and conditions available on the website at the time of such use. In addition, products and services may be subject to specific guidelines or conditions which are added to and included by reference in the general terms and conditions. Failure to comply with any of the terms and conditions will automatically terminate your authorisation to use the website.<span style=\"text-align: var(--text-align); background-color: transparent; color: var(--global-palette2); font-family: var(--global-body-font-family); letter-spacing: 0.3px;\">City Vision reserves the right to interpret and apply these terms and conditions.<\/span><\/p><p><strong>ORDER<\/strong><\/p><p>You can only place an order if you are at least 18 years old. The technical steps for placing an order are as follows:<\/p><p>Log in or create a customer account, find and select a product, choose a product type from the menu on your screen, enter any additional information on the product page, then click \"Add to basket\". The item will automatically be transferred to your shopping basket, and the basket page will open. The minimum purchase per basket is \u20ac150 excluding VAT (excluding delivery costs), given that our customers are professionals and that we are wholesalers.<\/p><p>On the basket page, all the items you have selected are listed, along with their unit price. You can change the quantity of each item and confirm these changes by clicking on \"Update\". The total amount of your purchases is shown. You can continue shopping, proceed to checkout or return to the home page.<\/p><p>Clicking on \"Checkout\" will take you to the personal data page, where you must fill in the mandatory fields. To continue, you must accept the general terms and conditions. By clicking on \"Confirm\", your order is validated and you are redirected to the Cr\u00e9dit du Nord bank secure electronic payment site. Once payment has been validated, an order confirmation will be sent to you by email. All orders will be confirmed by email as soon as possible. The contract between you and City Vision is concluded as soon as you receive this confirmation. City Vision cannot be held responsible for any misuse of the products and services.<\/p><p><strong>PRICE<\/strong><\/p><p><span style=\"text-align: var(--text-align); background-color: transparent; color: var(--global-palette2); font-family: var(--global-body-font-family); letter-spacing: 0.3px;\">The prices displayed on the website are subject to change without notice. They are quoted in euros, exclusive of tax and carriage costs (packaging and shipping), which are specified separately. Most of our products are sold in boxes of 12, with assorted colours, as mentioned in the product description.<\/span><\/p><p><strong>TERMS OF PAYMENT<\/strong><\/p><p>Payment is mainly by credit card via a secure electronic payment service. If the bank details provided are incorrect or if your solvency is not confirmed, your order will be automatically cancelled.<\/p><p><strong>DELIVERY AND DELIVERY TIMES<\/strong><\/p><p>La livraison s&rsquo;effectue \u00e0 l&rsquo;adresse fournie lors de la commande. Les lunettes de soleil en stock sont exp\u00e9di\u00e9es sous 2 \u00e0 3 jours ouvrables en France m\u00e9tropolitaine et sous 3 \u00e0 5 jours ouvrables en Europe. Pour les DROM-TOM, il est pr\u00e9f\u00e9rable de nous contacter avant de proc\u00e9der au paiement, car les d\u00e9lais et les frais de livraison peuvent varier avec La Poste.\u00a0Les frais de livraison sont calcul\u00e9s en fonction du poids des articles. Cependant, pour toute commande sup\u00e9rieure \u00e0 150 \u20ac, les frais de port sont offerts. En cas de rupture de stock prolong\u00e9e (plus de 15 jours ouvrables), vous serez inform\u00e9 du nouveau d\u00e9lai et pourrez choisir de maintenir ou d\u2019annuler votre commande.<\/p><p><strong>RIGHT OF WITHDRAWAL<\/strong><\/p><p>You have 7 working days from delivery to exercise your right of withdrawal. The retraction must reach City Vision by registered letter or by email to the address mentioned on the invoice. Products and services that have been opened or damaged or whose execution has begun before the end of the withdrawal period cannot be returned. If your order has not been dispatched, or if it is missing, damaged or faulty, you may request a refund or exchange, or we will return it with your next order.\u00a0<span style=\"text-align: var(--text-align); background-color: transparent; color: var(--global-palette2); font-family: var(--global-body-font-family); letter-spacing: 0.3px;\">Cependant,\u00a0City Vision se r\u00e9serve le droit de refuser tout remboursement si une demande de retour est jug\u00e9e malveillante ou frauduleuse.\u00a0<\/span><\/p><p><strong>AFTER-SALES SERVICE, RETURNS AND REFUNDS<\/strong><\/p><p><strong data-start=\"29\" data-end=\"44\">City Vision<\/strong> n&rsquo;est pas responsable des frais de transport pour le retour.\u00a0En cas de retour suite \u00e0 une r\u00e9tractation ou pour non-conformit\u00e9, vous devez fournir vos coordonn\u00e9es bancaires compl\u00e8tes \u00e0 City Vision de mani\u00e8re \u00e0 ce qu\u2019elle puisse rembourser votre achat (en ce compris le nom de l\u2019institution bancaire, le nom du titulaire du compte, le BIC et le num\u00e9ro de compte au format IBAN).\u00a0<span style=\"letter-spacing: 0.3px; text-align: var(--text-align); background-color: transparent; color: var(--global-palette2); font-family: var(--global-body-font-family);\">All returns must be made in the original sealed packaging, accompanied by a copy of the invoice.\u00a0<\/span><span style=\"text-align: var(--text-align); background-color: transparent; color: var(--global-palette2); font-family: var(--global-body-font-family); letter-spacing: 0.3px;\">\u00a0 <\/span><span style=\"text-align: var(--text-align); background-color: transparent; color: var(--global-palette2); font-family: var(--global-body-font-family); letter-spacing: 0.3px;\">Le remboursement interviendra sous 30 jours suivant le retour du produit. Adresse de Retour: City Vision, 90 Rue de la Haie Coq, Bat 242, 93300 Aubervilliers.<\/span><\/p><p><strong>LIMITATION OF LIABILITY<\/strong><\/p><p>You access the Website via the Internet communication networks. You declare that you are aware of the risks and accept them. You must protect yourself against the effects of computer piracy by adopting an appropriate and secure computer configuration, in particular by using regularly updated virus detection and inoculation software. City Vision cannot be held responsible for any damage you may suffer during or after your navigation on the Website. City Vision reserves the right to discontinue at any time all or part of the supply of Products and services. City Vision endeavours to limit as far as possible any inconvenience caused by technical or material errors. However, the Website may not be error-free and it cannot be guaranteed that the Website will not be interrupted or otherwise affected by such problems. City Vision accepts no responsibility for any such problems that may arise from use of the Website. To the extent permitted by the legislation of your country of residence, City Vision is not responsible for any damage caused during transport of the goods. If the goods are damaged in transit, we recommend that you do not use them. City Vision cannot be held responsible if the goods are not delivered on time due to the fault of the carrier or due to the manufacturer or supplier being out of stock. In both cases, it is advisable to hold the carrier liable. City Vision cannot be held responsible for any non-performance of its obligations in the event of force majeure, including, without limitation, natural disasters, strikes, fires, floods, unavailability of means of transport or communications.<\/p><p><span style=\"text-align: var(--text-align); background-color: transparent; color: var(--global-palette2); font-family: var(--global-body-font-family); letter-spacing: 0.3px;\">In any event, City Vision's liability is limited to the amount of the order you placed.<\/span><\/p><p><strong>GUARANTEE<\/strong><\/p><p>All products sold comply with the CE standard (CE certificate EN ISO 12312-1) and PPE 2016\/425.<\/p><p><strong>INTELLECTUAL PROPERTY<\/strong><\/p><p>The content of the site is protected by intellectual property laws. Total or partial reproduction is prohibited without prior authorisation from City Vision.<\/p><p><strong>INTERPRETATION AND DIVISIBILITY<\/strong><\/p><p>Any stipulation contrary to a mandatory legal provision will be adapted to comply with the regulations in force. If a stipulation of the general terms and conditions is declared null and void, the other stipulations remain valid.<\/p><p><!-- \/wp:paragraph --><\/p>\t\t\t\t\t\t\t\t<\/div>\n\t\t\t\t<\/div>\n\t\t\t\t<\/div>\n\t\t\t\t<\/div>","protected":false},"excerpt":{"rendered":"<p>G\u00c9N\u00c9RALIT\u00c9S Ce site Internet est propos\u00e9\u00a0 par CITY VISION SARL, une soci\u00e9t\u00e9 au capital de 90 000 \u20ac, enregistr\u00e9e au Registre du Commerce de Bobigny sous le num\u00e9ro B 438 998 767. City Vision met \u00e0 votre disposition sur son site Internet des informations et des produits en vente, soumis aux conditions g\u00e9n\u00e9rales d&rsquo;utilisation et&#8230;<\/p>","protected":false},"author":1,"featured_media":0,"parent":0,"menu_order":0,"comment_status":"closed","ping_status":"closed","template":"","meta":{"_bst_post_transparent":"","_bst_post_title":"","_bst_post_layout":"","_bst_post_sidebar_id":"","_bst_post_content_style":"","_bst_post_vertical_padding":"","_bst_post_feature":"","_bst_post_feature_position":"","_bst_post_header":false,"_bst_post_footer":false,"footnotes":""},"class_list":["post-17","page","type-page","status-publish","hentry"],"_links":{"self":[{"href":"https:\/\/cityvisionshop.com\/en\/wp-json\/wp\/v2\/pages\/17","targetHints":{"allow":["GET"]}}],"collection":[{"href":"https:\/\/cityvisionshop.com\/en\/wp-json\/wp\/v2\/pages"}],"about":[{"href":"https:\/\/cityvisionshop.com\/en\/wp-json\/wp\/v2\/types\/page"}],"author":[{"embeddable":true,"href":"https:\/\/cityvisionshop.com\/en\/wp-json\/wp\/v2\/users\/1"}],"replies":[{"embeddable":true,"href":"https:\/\/cityvisionshop.com\/en\/wp-json\/wp\/v2\/comments?post=17"}],"version-history":[{"count":0,"href":"https:\/\/cityvisionshop.com\/en\/wp-json\/wp\/v2\/pages\/17\/revisions"}],"wp:attachment":[{"href":"https:\/\/cityvisionshop.com\/en\/wp-json\/wp\/v2\/media?parent=17"}],"curies":[{"name":"wp","href":"https:\/\/api.w.org\/{rel}","templated":true}]}}