{"id":3,"date":"2024-03-15T10:47:29","date_gmt":"2024-03-15T10:47:29","guid":{"rendered":"https:\/\/demos.coderplace.com\/woo\/WCM03\/WCM03068\/?page_id=3"},"modified":"2026-03-23T13:52:10","modified_gmt":"2026-03-23T12:52:10","slug":"privacy-policy","status":"publish","type":"page","link":"https:\/\/cityvisionshop.com\/en\/privacy-policy\/","title":{"rendered":"Privacy Policy"},"content":{"rendered":"<div data-elementor-type=\"wp-page\" data-elementor-id=\"3\" class=\"elementor elementor-3\" wpc-filter-elementor-widget=\"1\" data-elementor-post-type=\"page\">\n\t\t\t\t<div class=\"elementor-element elementor-element-63c14156 e-flex e-con-boxed e-con e-parent\" data-id=\"63c14156\" data-element_type=\"container\">\n\t\t\t\t\t<div class=\"e-con-inner\">\n\t\t\t\t<div class=\"elementor-element elementor-element-3c6543bf elementor-widget elementor-widget-text-editor\" data-id=\"3c6543bf\" data-element_type=\"widget\" data-widget_type=\"text-editor.default\">\n\t\t\t\t<div class=\"elementor-widget-container\">\n\t\t\t\t\t\t\t\t\t<h4><strong>Privacy Policy<\/strong><\/h4><p>Derni\u00e8re mise \u00e0 jour : 05\/03\/2025<\/p><h4><strong>Who are we?<\/strong><\/h4><p>The address of our website is : <a href=\"#\">www.cityvisionshop.com<\/a>. The operating company is City Vision Sarl and the info in <a href=\"https:\/\/cityvisionshop.com\/about-us\/\">\u00e0-propos.<\/a><\/p><h4><strong>Personal data collected<\/strong><\/h4><p>We collect certain personal data in order to better manage our site and improve our services. The types of data collected include:<\/p><ul><li>Personal information: surname, first name, e-mail address, telephone number, postal address (when creating an account or placing an order).<\/li><li>Transaction data: purchase history, payment information (via secure third-party services).<\/li><li>Cookies and technical data: IP address, browser, operating system, browsing behaviour on our site.<\/li><\/ul><p>This information is collected for the following purposes:<\/p><ul><li>Order fulfilment and customer relationship management<\/li><li>Improving the user experience and personalising services<\/li><li>Management of legal and accounting obligations<\/li><li>Marketing and sending promotional information with consent<\/li><\/ul><h4><strong>Comments<\/strong><\/h4><p>When you leave a comment on our site, we collect the data entered in the form, as well as your IP address and your browser's user agent for spam detection.<\/p><h4><strong>Media<\/strong><\/h4><p>If you upload images to our site, we advise you to avoid including EXIF data containing GPS coordinates, as visitors to the site could extract this information.<\/p><h4><strong>Contact forms<\/strong><\/h4><p>Information sent via our contact forms is kept for a defined period for customer service purposes, but is not used for commercial purposes without your consent.<\/p><h4><strong>Cookies<\/strong><\/h4><p>Our site uses cookies to improve your experience. You can manage them via your browser settings. The cookies we use include<\/p><ul><li>Functional cookies (necessary for the site to function properly)<\/li><li>Analytical cookies (Google Analytics or other statistical tools)<\/li><li>Marketing cookies (if consent given)<\/li><\/ul><h4><strong>Statistics and audience measurement<\/strong><\/h4><p>We use Google Analytics to analyse the performance of our site. You can read their privacy policy here : <a href=\"https:\/\/policies.google.com\/privacy\" target=\"_blank\" rel=\"noopener\">https:\/\/policies.google.com\/privacy<\/a>.<\/p><h4><strong>Sharing your personal data<\/strong><\/h4><p>We share some of your data with trusted third parties, in particular :<\/p><ul><li>Payment platforms (Paypal, BNP Paribas Mercanet, etc.) for secure transactions.<\/li><li>Delivery service providers for shipping orders.<\/li><li>Analysis tools to improve our site.<\/li><\/ul><p>We do not sell or rent your personal data to third parties.<\/p><h4><strong>How long we keep your data<\/strong><\/h4><p>We keep the data collected for as long as necessary:<\/p><ul><li>Customer data: 10 years (in accordance with tax and accounting obligations)<\/li><li>Data from contact forms: 6 months<\/li><li>Anonymous statistics: 1 year<\/li><\/ul><h4><strong>Your rights to your data<\/strong><\/h4><p>You have the right to :<\/p><ul><li>Access to your personal data<\/li><li>Request the rectification or deletion of your data<\/li><li>Request the portability of your data<\/li><\/ul><p>To exercise these rights, contact us at <a href=\"mailto:city.vision@wanadoo.fr\">city.vision@wanadoo.fr<\/a>.<\/p><h4><strong>Transfer of your data outside the European Union<\/strong><\/h4><p>Some of your data may be transferred to services located outside the EU, in particular Google or payment platforms. These transfers are secured in accordance with European standards (Privacy Shield or standard contractual clauses).<\/p><h4><strong>Protecting your data<\/strong><\/h4><p>We implement technical and organisational measures to secure your data:<\/p><ul><li>Encryption of sensitive data<\/li><li>Restricted access to personal information<\/li><li>Secure hosting<\/li><\/ul><h4><strong>Procedures in the event of a data leak<\/strong><\/h4><p>In the event of a personal data breach, we will notify the competent authorities and the users concerned within the legal time limits.<\/p><h4><strong>Third party data<\/strong><\/h4><p>If we receive data from third parties (e.g. commercial partners, social networks), we ensure that their collection complies with the regulations in force.<\/p><h4><strong>Automated decision-making and profiling<\/strong><\/h4><p>We do not use automated decision-making systems that have a legal or significant impact on users.<\/p><h4><strong>Sector-specific regulations<\/strong><\/h4><p>As a company governed by French and European law, we comply with the legal obligations relating to data protection (RGPD).<\/p><h4><strong>Contact<\/strong><\/h4><p>If you have any questions about this privacy policy, you can contact us at city.vision@wanadoo.fr or by telephone on +33 (0)1 43 52 76 62.<\/p><p><!-- \/wp:paragraph --><\/p>\t\t\t\t\t\t\t\t<\/div>\n\t\t\t\t<\/div>\n\t\t\t\t\t<\/div>\n\t\t\t\t<\/div>\n\t\t\t\t<\/div>","protected":false},"excerpt":{"rendered":"<p>Politique de Confidentialit\u00e9 Derni\u00e8re mise \u00e0 jour : 05\/03\/2025 Qui sommes-nous ? L&rsquo;adresse de notre site Web est : www.cityvisionshop.com. L&rsquo;entreprise exploitante est City Vision Sarl et les infos dans \u00e0-propos. Donn\u00e9es personnelles collect\u00e9es Nous collectons certaines donn\u00e9es personnelles afin de mieux g\u00e9rer notre site et am\u00e9liorer nos services. Les types de donn\u00e9es collect\u00e9es incluent&#8230;<\/p>","protected":false},"author":1,"featured_media":0,"parent":0,"menu_order":0,"comment_status":"closed","ping_status":"closed","template":"","meta":{"_bst_post_transparent":"","_bst_post_title":"","_bst_post_layout":"","_bst_post_sidebar_id":"","_bst_post_content_style":"","_bst_post_vertical_padding":"","_bst_post_feature":"","_bst_post_feature_position":"","_bst_post_header":false,"_bst_post_footer":false,"footnotes":""},"class_list":["post-3","page","type-page","status-publish","hentry"],"_links":{"self":[{"href":"https:\/\/cityvisionshop.com\/en\/wp-json\/wp\/v2\/pages\/3","targetHints":{"allow":["GET"]}}],"collection":[{"href":"https:\/\/cityvisionshop.com\/en\/wp-json\/wp\/v2\/pages"}],"about":[{"href":"https:\/\/cityvisionshop.com\/en\/wp-json\/wp\/v2\/types\/page"}],"author":[{"embeddable":true,"href":"https:\/\/cityvisionshop.com\/en\/wp-json\/wp\/v2\/users\/1"}],"replies":[{"embeddable":true,"href":"https:\/\/cityvisionshop.com\/en\/wp-json\/wp\/v2\/comments?post=3"}],"version-history":[{"count":1,"href":"https:\/\/cityvisionshop.com\/en\/wp-json\/wp\/v2\/pages\/3\/revisions"}],"predecessor-version":[{"id":35319,"href":"https:\/\/cityvisionshop.com\/en\/wp-json\/wp\/v2\/pages\/3\/revisions\/35319"}],"wp:attachment":[{"href":"https:\/\/cityvisionshop.com\/en\/wp-json\/wp\/v2\/media?parent=3"}],"curies":[{"name":"wp","href":"https:\/\/api.w.org\/{rel}","templated":true}]}}