{"id":29196,"date":"2025-02-24T15:22:57","date_gmt":"2025-02-24T14:22:57","guid":{"rendered":"https:\/\/cityvisionshop.com\/?post_type=product&#038;p=29196"},"modified":"2026-03-27T14:35:22","modified_gmt":"2026-03-27T13:35:22","slug":"026528","status":"publish","type":"product","link":"https:\/\/cityvisionshop.com\/en\/shop\/026528\/","title":{"rendered":"026528 (12 pcs\/Pack)"},"content":{"rendered":"<p>CityVision vend des lunettes de protection anti-lumi\u00e8re bleue au design tendance, id\u00e9ales pour un usage quotidien et le travail sur \u00e9cran.<\/p>\n<p>Vendues par bo\u00eete de 12 pi\u00e8ces.<\/p>\n<p>Verres filtrant la lumi\u00e8re bleue : r\u00e9duisent la fatigue oculaire caus\u00e9e par les \u00e9crans et am\u00e9liorent le confort visuel.<\/p>\n<p>Couleurs assorties pour les montures et teintes de verres potentiellement vari\u00e9es.<\/p>\n<p>Comfort and trendy style, with high-quality frames that combine strength and lightness.<\/p>\n<p>Dimensions (indiqu\u00e9es sur les images) en millim\u00e8tres (mm) pour Calibre \/ Pont \/ Branche.<\/p>\n<p>Mat\u00e9riaux : monture disponible en PVC. Le polycarbonate (PC) est un mat\u00e9riau hautement durable, un plastique rigide offrant une longue dur\u00e9e de vie.<\/p>","protected":false},"excerpt":{"rendered":"<p>CityVision vend des lunettes de protection anti-lumi\u00e8re bleue au design tendance, id\u00e9ales pour un usage quotidien et le travail sur \u00e9cran. Vendues par bo\u00eete de 12 pi\u00e8ces. Verres filtrant la lumi\u00e8re bleue : r\u00e9duisent la fatigue oculaire caus\u00e9e par les \u00e9crans et am\u00e9liorent le confort visuel. Couleurs assorties pour les montures et teintes de verres&#8230;<\/p>","protected":false},"featured_media":27851,"template":"","meta":{"_bst_post_transparent":"default","_bst_post_title":"","_bst_post_layout":"default","_bst_post_sidebar_id":"","_bst_post_content_style":"default","_bst_post_vertical_padding":"default","_bst_post_feature":"","_bst_post_feature_position":"","_bst_post_header":false,"_bst_post_footer":false},"product_brand":[],"product_cat":[139],"product_tag":[],"class_list":{"0":"post-29196","1":"product","2":"type-product","3":"status-publish","4":"has-post-thumbnail","6":"product_cat-protection-lumiere-bleue","8":"first","9":"instock","10":"taxable","11":"shipping-taxable","12":"product-type-simple","13":"entry","14":"content-bg","15":"loop-entry"},"_links":{"self":[{"href":"https:\/\/cityvisionshop.com\/en\/wp-json\/wp\/v2\/product\/29196","targetHints":{"allow":["GET"]}}],"collection":[{"href":"https:\/\/cityvisionshop.com\/en\/wp-json\/wp\/v2\/product"}],"about":[{"href":"https:\/\/cityvisionshop.com\/en\/wp-json\/wp\/v2\/types\/product"}],"version-history":[{"count":0,"href":"https:\/\/cityvisionshop.com\/en\/wp-json\/wp\/v2\/product\/29196\/revisions"}],"wp:featuredmedia":[{"embeddable":true,"href":"https:\/\/cityvisionshop.com\/en\/wp-json\/wp\/v2\/media\/27851"}],"wp:attachment":[{"href":"https:\/\/cityvisionshop.com\/en\/wp-json\/wp\/v2\/media?parent=29196"}],"wp:term":[{"taxonomy":"product_brand","embeddable":true,"href":"https:\/\/cityvisionshop.com\/en\/wp-json\/wp\/v2\/product_brand?post=29196"},{"taxonomy":"product_cat","embeddable":true,"href":"https:\/\/cityvisionshop.com\/en\/wp-json\/wp\/v2\/product_cat?post=29196"},{"taxonomy":"product_tag","embeddable":true,"href":"https:\/\/cityvisionshop.com\/en\/wp-json\/wp\/v2\/product_tag?post=29196"}],"curies":[{"name":"wp","href":"https:\/\/api.w.org\/{rel}","templated":true}]}}