{"id":29665,"date":"2025-02-24T15:23:39","date_gmt":"2025-02-24T14:23:39","guid":{"rendered":"https:\/\/cityvisionshop.com\/?post_type=product&#038;p=29665"},"modified":"2026-03-27T15:07:33","modified_gmt":"2026-03-27T14:07:33","slug":"ac006b","status":"publish","type":"product","link":"https:\/\/cityvisionshop.com\/en\/shop\/ac006b\/","title":{"rendered":"AC006B (12 pcs\/Pack)"},"content":{"rendered":"<p>\u00c9tuis de lunettes de soleil &#8211; Noir<\/p>\n<p>Prot\u00e9gez vos lunettes de soleil avec ce pack de 12 \u00e9tuis pratiques et \u00e9l\u00e9gants. Chaque \u00e9tui mesure 18&#215;9 cm, offrant suffisamment d&rsquo;espace pour vos lunettes tout en les maintenant en s\u00e9curit\u00e9 et en bon \u00e9tat. Ce\u00a0pack est vendu par bo\u00eete de 12 unit\u00e9s.<\/p>","protected":false},"excerpt":{"rendered":"<p>\u00c9tuis de lunettes de soleil &#8211; Noir Prot\u00e9gez vos lunettes de soleil avec ce pack de 12 \u00e9tuis pratiques et \u00e9l\u00e9gants. Chaque \u00e9tui mesure 18&#215;9 cm, offrant suffisamment d&rsquo;espace pour vos lunettes tout en les maintenant en s\u00e9curit\u00e9 et en bon \u00e9tat. Ce\u00a0pack est vendu par bo\u00eete de 12 unit\u00e9s.<\/p>","protected":false},"featured_media":18954,"template":"","meta":{"_bst_post_transparent":"default","_bst_post_title":"","_bst_post_layout":"default","_bst_post_sidebar_id":"","_bst_post_content_style":"default","_bst_post_vertical_padding":"default","_bst_post_feature":"","_bst_post_feature_position":"","_bst_post_header":false,"_bst_post_footer":false},"product_brand":[],"product_cat":[123],"product_tag":[],"class_list":{"0":"post-29665","1":"product","2":"type-product","3":"status-publish","4":"has-post-thumbnail","6":"product_cat-accessoires","8":"first","9":"instock","10":"taxable","11":"shipping-taxable","12":"product-type-simple","13":"entry","14":"content-bg","15":"loop-entry"},"_links":{"self":[{"href":"https:\/\/cityvisionshop.com\/en\/wp-json\/wp\/v2\/product\/29665","targetHints":{"allow":["GET"]}}],"collection":[{"href":"https:\/\/cityvisionshop.com\/en\/wp-json\/wp\/v2\/product"}],"about":[{"href":"https:\/\/cityvisionshop.com\/en\/wp-json\/wp\/v2\/types\/product"}],"version-history":[{"count":0,"href":"https:\/\/cityvisionshop.com\/en\/wp-json\/wp\/v2\/product\/29665\/revisions"}],"wp:featuredmedia":[{"embeddable":true,"href":"https:\/\/cityvisionshop.com\/en\/wp-json\/wp\/v2\/media\/18954"}],"wp:attachment":[{"href":"https:\/\/cityvisionshop.com\/en\/wp-json\/wp\/v2\/media?parent=29665"}],"wp:term":[{"taxonomy":"product_brand","embeddable":true,"href":"https:\/\/cityvisionshop.com\/en\/wp-json\/wp\/v2\/product_brand?post=29665"},{"taxonomy":"product_cat","embeddable":true,"href":"https:\/\/cityvisionshop.com\/en\/wp-json\/wp\/v2\/product_cat?post=29665"},{"taxonomy":"product_tag","embeddable":true,"href":"https:\/\/cityvisionshop.com\/en\/wp-json\/wp\/v2\/product_tag?post=29665"}],"curies":[{"name":"wp","href":"https:\/\/api.w.org\/{rel}","templated":true}]}}