{"id":29666,"date":"2025-02-24T15:23:39","date_gmt":"2025-02-24T14:23:39","guid":{"rendered":"https:\/\/cityvisionshop.com\/?post_type=product&#038;p=29666"},"modified":"2026-05-06T01:07:24","modified_gmt":"2026-05-05T23:07:24","slug":"ac01021","status":"publish","type":"product","link":"https:\/\/cityvisionshop.com\/en\/shop\/ac01021\/","title":{"rendered":"AC01021"},"content":{"rendered":"<p>Bo\u00eetier de pr\u00e9sentation pour lunettes &#8211; 18 lunettes<\/p>\n<p>Ce bo\u00eetier de pr\u00e9sentation \u00e9l\u00e9gant et pratique est con\u00e7u pour accueillir jusqu&rsquo;\u00e0 18 lunettes. Avec un ext\u00e9rieur noir sophistiqu\u00e9, l&rsquo;int\u00e9rieur est divis\u00e9 en trois colonnes, chacune comportant six rang\u00e9es pour un agencement organis\u00e9 et s\u00e9curis\u00e9 de vos lunettes. Parfait pour les d\u00e9taillants ou les exposants, ce bo\u00eetier permet de pr\u00e9senter vos produits de mani\u00e8re professionnelle tout en garantissant leur s\u00e9curit\u00e9 et leur accessibilit\u00e9.<\/p>","protected":false},"excerpt":{"rendered":"<p>Bo\u00eetier de pr\u00e9sentation pour lunettes &#8211; 18 lunettes Ce bo\u00eetier de pr\u00e9sentation \u00e9l\u00e9gant et pratique est con\u00e7u pour accueillir jusqu&rsquo;\u00e0 18 lunettes. Avec un ext\u00e9rieur noir sophistiqu\u00e9, l&rsquo;int\u00e9rieur est divis\u00e9 en trois colonnes, chacune comportant six rang\u00e9es pour un agencement organis\u00e9 et s\u00e9curis\u00e9 de vos lunettes. Parfait pour les d\u00e9taillants ou les exposants, ce bo\u00eetier&#8230;<\/p>","protected":false},"featured_media":18955,"template":"","meta":{"_bst_post_transparent":"default","_bst_post_title":"","_bst_post_layout":"default","_bst_post_sidebar_id":"","_bst_post_content_style":"default","_bst_post_vertical_padding":"default","_bst_post_feature":"","_bst_post_feature_position":"","_bst_post_header":false,"_bst_post_footer":false},"product_brand":[],"product_cat":[123],"product_tag":[],"class_list":{"0":"post-29666","1":"product","2":"type-product","3":"status-publish","4":"has-post-thumbnail","6":"product_cat-accessoires","8":"first","9":"instock","10":"taxable","11":"shipping-taxable","12":"product-type-simple","13":"entry","14":"content-bg","15":"loop-entry"},"_links":{"self":[{"href":"https:\/\/cityvisionshop.com\/en\/wp-json\/wp\/v2\/product\/29666","targetHints":{"allow":["GET"]}}],"collection":[{"href":"https:\/\/cityvisionshop.com\/en\/wp-json\/wp\/v2\/product"}],"about":[{"href":"https:\/\/cityvisionshop.com\/en\/wp-json\/wp\/v2\/types\/product"}],"version-history":[{"count":1,"href":"https:\/\/cityvisionshop.com\/en\/wp-json\/wp\/v2\/product\/29666\/revisions"}],"predecessor-version":[{"id":35412,"href":"https:\/\/cityvisionshop.com\/en\/wp-json\/wp\/v2\/product\/29666\/revisions\/35412"}],"wp:featuredmedia":[{"embeddable":true,"href":"https:\/\/cityvisionshop.com\/en\/wp-json\/wp\/v2\/media\/18955"}],"wp:attachment":[{"href":"https:\/\/cityvisionshop.com\/en\/wp-json\/wp\/v2\/media?parent=29666"}],"wp:term":[{"taxonomy":"product_brand","embeddable":true,"href":"https:\/\/cityvisionshop.com\/en\/wp-json\/wp\/v2\/product_brand?post=29666"},{"taxonomy":"product_cat","embeddable":true,"href":"https:\/\/cityvisionshop.com\/en\/wp-json\/wp\/v2\/product_cat?post=29666"},{"taxonomy":"product_tag","embeddable":true,"href":"https:\/\/cityvisionshop.com\/en\/wp-json\/wp\/v2\/product_tag?post=29666"}],"curies":[{"name":"wp","href":"https:\/\/api.w.org\/{rel}","templated":true}]}}