{"id":29669,"date":"2025-02-24T15:23:40","date_gmt":"2025-02-24T14:23:40","guid":{"rendered":"https:\/\/cityvisionshop.com\/?post_type=product&#038;p=29669"},"modified":"2026-03-27T15:07:33","modified_gmt":"2026-03-27T14:07:33","slug":"ac01076","status":"publish","type":"product","link":"https:\/\/cityvisionshop.com\/en\/shop\/ac01076\/","title":{"rendered":"AC01076"},"content":{"rendered":"<p data-start=\"109\" data-end=\"189\"><strong data-start=\"109\" data-end=\"155\">Grand pr\u00e9sentoir pour lunettes &#8211; 80 pi\u00e8ces<\/strong><\/p>\n<p data-start=\"109\" data-end=\"189\">Ce grand pr\u00e9sentoir spacieux, dot\u00e9 de roues pratiques, est con\u00e7u pour accueillir jusqu&rsquo;\u00e0 80 lunettes. Ses dimensions g\u00e9n\u00e9reuses de 183x46x46 cm en font un choix id\u00e9al pour les magasins, salons ou \u00e9v\u00e9nements n\u00e9cessitant une pr\u00e9sentation organis\u00e9e et professionnelle.<\/p>\n<p data-start=\"636\" data-end=\"769\">Pour v\u00e9rifier la disponibilit\u00e9 en stock et obtenir un devis pour les frais de livraison, veuillez nous contacter directement. <strong data-start=\"584\" data-end=\"672\">C&rsquo;est possible qu&rsquo;il soit encore en stock, mais il n&rsquo;est pas disponible sur le site.<\/strong><\/p>","protected":false},"excerpt":{"rendered":"<p>Grand pr\u00e9sentoir pour lunettes &#8211; 80 pi\u00e8ces Ce grand pr\u00e9sentoir spacieux, dot\u00e9 de roues pratiques, est con\u00e7u pour accueillir jusqu&rsquo;\u00e0 80 lunettes. Ses dimensions g\u00e9n\u00e9reuses de 183x46x46 cm en font un choix id\u00e9al pour les magasins, salons ou \u00e9v\u00e9nements n\u00e9cessitant une pr\u00e9sentation organis\u00e9e et professionnelle. Pour v\u00e9rifier la disponibilit\u00e9 en stock et obtenir un devis&#8230;<\/p>","protected":false},"featured_media":18961,"template":"","meta":{"_bst_post_transparent":"default","_bst_post_title":"","_bst_post_layout":"default","_bst_post_sidebar_id":"","_bst_post_content_style":"default","_bst_post_vertical_padding":"default","_bst_post_feature":"","_bst_post_feature_position":"","_bst_post_header":false,"_bst_post_footer":false},"product_brand":[],"product_cat":[123],"product_tag":[],"class_list":{"0":"post-29669","1":"product","2":"type-product","3":"status-publish","4":"has-post-thumbnail","6":"product_cat-accessoires","8":"first","9":"instock","10":"taxable","11":"shipping-taxable","12":"product-type-simple","13":"entry","14":"content-bg","15":"loop-entry"},"_links":{"self":[{"href":"https:\/\/cityvisionshop.com\/en\/wp-json\/wp\/v2\/product\/29669","targetHints":{"allow":["GET"]}}],"collection":[{"href":"https:\/\/cityvisionshop.com\/en\/wp-json\/wp\/v2\/product"}],"about":[{"href":"https:\/\/cityvisionshop.com\/en\/wp-json\/wp\/v2\/types\/product"}],"version-history":[{"count":1,"href":"https:\/\/cityvisionshop.com\/en\/wp-json\/wp\/v2\/product\/29669\/revisions"}],"predecessor-version":[{"id":34438,"href":"https:\/\/cityvisionshop.com\/en\/wp-json\/wp\/v2\/product\/29669\/revisions\/34438"}],"wp:featuredmedia":[{"embeddable":true,"href":"https:\/\/cityvisionshop.com\/en\/wp-json\/wp\/v2\/media\/18961"}],"wp:attachment":[{"href":"https:\/\/cityvisionshop.com\/en\/wp-json\/wp\/v2\/media?parent=29669"}],"wp:term":[{"taxonomy":"product_brand","embeddable":true,"href":"https:\/\/cityvisionshop.com\/en\/wp-json\/wp\/v2\/product_brand?post=29669"},{"taxonomy":"product_cat","embeddable":true,"href":"https:\/\/cityvisionshop.com\/en\/wp-json\/wp\/v2\/product_cat?post=29669"},{"taxonomy":"product_tag","embeddable":true,"href":"https:\/\/cityvisionshop.com\/en\/wp-json\/wp\/v2\/product_tag?post=29669"}],"curies":[{"name":"wp","href":"https:\/\/api.w.org\/{rel}","templated":true}]}}