{"id":29670,"date":"2025-02-24T15:23:40","date_gmt":"2025-02-24T14:23:40","guid":{"rendered":"https:\/\/cityvisionshop.com\/?post_type=product&#038;p=29670"},"modified":"2026-04-07T11:41:03","modified_gmt":"2026-04-07T10:41:03","slug":"ac01084","status":"publish","type":"product","link":"https:\/\/cityvisionshop.com\/en\/shop\/ac01084\/","title":{"rendered":"AC01084"},"content":{"rendered":"<p data-start=\"81\" data-end=\"158\"><strong data-start=\"81\" data-end=\"121\">Pr\u00e9sentoir pour lunettes &#8211; 40 pi\u00e8ces<\/strong><br data-start=\"121\" data-end=\"124\" \/><strong data-start=\"124\" data-end=\"156\">Dimensions : 73 x 45 x 45 cm<\/strong><\/p>\n<p data-start=\"160\" data-end=\"569\">Ce pr\u00e9sentoir compact et \u00e9l\u00e9gant peut accueillir jusqu&rsquo;\u00e0 40 lunettes, offrant une organisation claire et attrayante pour votre collection. Con\u00e7u avec deux miroirs rectangulaires sur le dessus, il permet aux clients d\u2019essayer facilement les lunettes et d\u2019appr\u00e9cier leur style en un instant.<\/p>\n<p data-start=\"160\" data-end=\"569\">Pour v\u00e9rifier la disponibilit\u00e9 en stock et obtenir un devis pour les frais de livraison, veuillez nous contacter directement. <strong data-start=\"584\" data-end=\"672\">C&rsquo;est possible qu&rsquo;il soit encore en stock, mais il n&rsquo;est pas disponible sur le site.<\/strong><\/p>","protected":false},"excerpt":{"rendered":"<p>Pr\u00e9sentoir pour lunettes &#8211; 40 pi\u00e8cesDimensions : 73 x 45 x 45 cm Ce pr\u00e9sentoir compact et \u00e9l\u00e9gant peut accueillir jusqu&rsquo;\u00e0 40 lunettes, offrant une organisation claire et attrayante pour votre collection. Con\u00e7u avec deux miroirs rectangulaires sur le dessus, il permet aux clients d\u2019essayer facilement les lunettes et d\u2019appr\u00e9cier leur style en un instant&#8230;.<\/p>","protected":false},"featured_media":18962,"template":"","meta":{"_bst_post_transparent":"default","_bst_post_title":"","_bst_post_layout":"default","_bst_post_sidebar_id":"","_bst_post_content_style":"default","_bst_post_vertical_padding":"default","_bst_post_feature":"","_bst_post_feature_position":"","_bst_post_header":false,"_bst_post_footer":false},"product_brand":[],"product_cat":[123],"product_tag":[],"class_list":{"0":"post-29670","1":"product","2":"type-product","3":"status-publish","4":"has-post-thumbnail","6":"product_cat-accessoires","8":"first","9":"instock","10":"taxable","11":"shipping-taxable","12":"product-type-simple","13":"entry","14":"content-bg","15":"loop-entry"},"_links":{"self":[{"href":"https:\/\/cityvisionshop.com\/en\/wp-json\/wp\/v2\/product\/29670","targetHints":{"allow":["GET"]}}],"collection":[{"href":"https:\/\/cityvisionshop.com\/en\/wp-json\/wp\/v2\/product"}],"about":[{"href":"https:\/\/cityvisionshop.com\/en\/wp-json\/wp\/v2\/types\/product"}],"version-history":[{"count":1,"href":"https:\/\/cityvisionshop.com\/en\/wp-json\/wp\/v2\/product\/29670\/revisions"}],"predecessor-version":[{"id":34439,"href":"https:\/\/cityvisionshop.com\/en\/wp-json\/wp\/v2\/product\/29670\/revisions\/34439"}],"wp:featuredmedia":[{"embeddable":true,"href":"https:\/\/cityvisionshop.com\/en\/wp-json\/wp\/v2\/media\/18962"}],"wp:attachment":[{"href":"https:\/\/cityvisionshop.com\/en\/wp-json\/wp\/v2\/media?parent=29670"}],"wp:term":[{"taxonomy":"product_brand","embeddable":true,"href":"https:\/\/cityvisionshop.com\/en\/wp-json\/wp\/v2\/product_brand?post=29670"},{"taxonomy":"product_cat","embeddable":true,"href":"https:\/\/cityvisionshop.com\/en\/wp-json\/wp\/v2\/product_cat?post=29670"},{"taxonomy":"product_tag","embeddable":true,"href":"https:\/\/cityvisionshop.com\/en\/wp-json\/wp\/v2\/product_tag?post=29670"}],"curies":[{"name":"wp","href":"https:\/\/api.w.org\/{rel}","templated":true}]}}