{"id":29675,"date":"2025-02-24T15:23:40","date_gmt":"2025-02-24T14:23:40","guid":{"rendered":"https:\/\/cityvisionshop.com\/?post_type=product&#038;p=29675"},"modified":"2026-05-03T07:59:28","modified_gmt":"2026-05-03T05:59:28","slug":"ac01093","status":"publish","type":"product","link":"https:\/\/cityvisionshop.com\/en\/shop\/ac01093\/","title":{"rendered":"AC01093"},"content":{"rendered":"<p data-start=\"0\" data-end=\"85\"><strong data-start=\"0\" data-end=\"47\">Grand pr\u00e9sentoir pour lunettes &#8211; 126 pi\u00e8ces<\/strong><br data-start=\"47\" data-end=\"50\" \/><strong data-start=\"50\" data-end=\"83\">Dimensions : 189 x 48 x 47 cm<\/strong><\/p>\n<p data-start=\"87\" data-end=\"526\">Ce grand pr\u00e9sentoir spacieux peut accueillir jusqu&rsquo;\u00e0 126 lunettes, offrant une pr\u00e9sentation organis\u00e9e et professionnelle. Il est \u00e9quip\u00e9 de <strong data-start=\"226\" data-end=\"257\">trois miroirs sur le dessus<\/strong>, permettant aux clients d\u2019essayer facilement les lunettes, ainsi que de <strong data-start=\"330\" data-end=\"343\">roulettes<\/strong>, facilitant son d\u00e9placement en magasin ou lors d\u2019\u00e9v\u00e9nements. Avec ses dimensions de 189 x 48 x 47 cm, il est id\u00e9al pour optimiser l\u2019exposition et la visibilit\u00e9 de votre collection.<\/p>\n<p data-start=\"528\" data-end=\"744\">Pour v\u00e9rifier la disponibilit\u00e9 en stock et obtenir un devis pour les frais de livraison, veuillez nous contacter directement. <strong data-start=\"654\" data-end=\"742\">C&rsquo;est possible qu&rsquo;il soit encore en stock, mais il n&rsquo;est pas disponible sur le site.<\/strong><\/p>","protected":false},"excerpt":{"rendered":"<p>Grand pr\u00e9sentoir pour lunettes &#8211; 126 pi\u00e8cesDimensions : 189 x 48 x 47 cm Ce grand pr\u00e9sentoir spacieux peut accueillir jusqu&rsquo;\u00e0 126 lunettes, offrant une pr\u00e9sentation organis\u00e9e et professionnelle. Il est \u00e9quip\u00e9 de trois miroirs sur le dessus, permettant aux clients d\u2019essayer facilement les lunettes, ainsi que de roulettes, facilitant son d\u00e9placement en magasin ou&#8230;<\/p>","protected":false},"featured_media":21259,"template":"","meta":{"_bst_post_transparent":"default","_bst_post_title":"","_bst_post_layout":"default","_bst_post_sidebar_id":"","_bst_post_content_style":"default","_bst_post_vertical_padding":"default","_bst_post_feature":"","_bst_post_feature_position":"","_bst_post_header":false,"_bst_post_footer":false},"product_brand":[],"product_cat":[123],"product_tag":[],"class_list":{"0":"post-29675","1":"product","2":"type-product","3":"status-publish","4":"has-post-thumbnail","6":"product_cat-accessoires","8":"first","9":"instock","10":"taxable","11":"shipping-taxable","12":"product-type-simple","13":"entry","14":"content-bg","15":"loop-entry"},"_links":{"self":[{"href":"https:\/\/cityvisionshop.com\/en\/wp-json\/wp\/v2\/product\/29675","targetHints":{"allow":["GET"]}}],"collection":[{"href":"https:\/\/cityvisionshop.com\/en\/wp-json\/wp\/v2\/product"}],"about":[{"href":"https:\/\/cityvisionshop.com\/en\/wp-json\/wp\/v2\/types\/product"}],"version-history":[{"count":1,"href":"https:\/\/cityvisionshop.com\/en\/wp-json\/wp\/v2\/product\/29675\/revisions"}],"predecessor-version":[{"id":34442,"href":"https:\/\/cityvisionshop.com\/en\/wp-json\/wp\/v2\/product\/29675\/revisions\/34442"}],"wp:featuredmedia":[{"embeddable":true,"href":"https:\/\/cityvisionshop.com\/en\/wp-json\/wp\/v2\/media\/21259"}],"wp:attachment":[{"href":"https:\/\/cityvisionshop.com\/en\/wp-json\/wp\/v2\/media?parent=29675"}],"wp:term":[{"taxonomy":"product_brand","embeddable":true,"href":"https:\/\/cityvisionshop.com\/en\/wp-json\/wp\/v2\/product_brand?post=29675"},{"taxonomy":"product_cat","embeddable":true,"href":"https:\/\/cityvisionshop.com\/en\/wp-json\/wp\/v2\/product_cat?post=29675"},{"taxonomy":"product_tag","embeddable":true,"href":"https:\/\/cityvisionshop.com\/en\/wp-json\/wp\/v2\/product_tag?post=29675"}],"curies":[{"name":"wp","href":"https:\/\/api.w.org\/{rel}","templated":true}]}}