{"id":29676,"date":"2025-02-24T15:23:40","date_gmt":"2025-02-24T14:23:40","guid":{"rendered":"https:\/\/cityvisionshop.com\/?post_type=product&#038;p=29676"},"modified":"2026-03-27T15:07:34","modified_gmt":"2026-03-27T14:07:34","slug":"ac01099","status":"publish","type":"product","link":"https:\/\/cityvisionshop.com\/en\/shop\/ac01099\/","title":{"rendered":"AC01099"},"content":{"rendered":"<p data-start=\"0\" data-end=\"88\"><strong data-start=\"0\" data-end=\"50\">Pr\u00e9sentoir pour lunettes &#8211; AC01099 (80 pi\u00e8ces)<\/strong><br data-start=\"50\" data-end=\"53\" \/><strong data-start=\"53\" data-end=\"86\">Dimensions : 168 x 42 x 40 cm<\/strong><\/p>\n<p data-start=\"90\" data-end=\"409\">Ce pr\u00e9sentoir spacieux peut accueillir jusqu&rsquo;\u00e0 80 lunettes, offrant une organisation optimale et une excellente visibilit\u00e9 des produits. Avec ses dimensions de <strong data-start=\"250\" data-end=\"270\">168 x 42 x 40 cm<\/strong>, il est id\u00e9al pour les magasins, les salons ou les expositions. Son design robuste garantit une pr\u00e9sentation professionnelle et soign\u00e9e.<\/p>\n<p data-start=\"411\" data-end=\"627\">Pour v\u00e9rifier la disponibilit\u00e9 en stock et obtenir un devis pour les frais de livraison, veuillez nous contacter directement. <strong data-start=\"537\" data-end=\"625\">C&rsquo;est possible qu&rsquo;il soit encore en stock, mais il n&rsquo;est pas disponible sur le site.<\/strong><\/p>","protected":false},"excerpt":{"rendered":"<p>Pr\u00e9sentoir pour lunettes &#8211; AC01099 (80 pi\u00e8ces)Dimensions : 168 x 42 x 40 cm Ce pr\u00e9sentoir spacieux peut accueillir jusqu&rsquo;\u00e0 80 lunettes, offrant une organisation optimale et une excellente visibilit\u00e9 des produits. Avec ses dimensions de 168 x 42 x 40 cm, il est id\u00e9al pour les magasins, les salons ou les expositions. Son design&#8230;<\/p>","protected":false},"featured_media":21261,"template":"","meta":{"_bst_post_transparent":"default","_bst_post_title":"","_bst_post_layout":"default","_bst_post_sidebar_id":"","_bst_post_content_style":"default","_bst_post_vertical_padding":"default","_bst_post_feature":"","_bst_post_feature_position":"","_bst_post_header":false,"_bst_post_footer":false},"product_brand":[],"product_cat":[123],"product_tag":[],"class_list":{"0":"post-29676","1":"product","2":"type-product","3":"status-publish","4":"has-post-thumbnail","6":"product_cat-accessoires","8":"first","9":"instock","10":"taxable","11":"shipping-taxable","12":"product-type-simple","13":"entry","14":"content-bg","15":"loop-entry"},"_links":{"self":[{"href":"https:\/\/cityvisionshop.com\/en\/wp-json\/wp\/v2\/product\/29676","targetHints":{"allow":["GET"]}}],"collection":[{"href":"https:\/\/cityvisionshop.com\/en\/wp-json\/wp\/v2\/product"}],"about":[{"href":"https:\/\/cityvisionshop.com\/en\/wp-json\/wp\/v2\/types\/product"}],"version-history":[{"count":1,"href":"https:\/\/cityvisionshop.com\/en\/wp-json\/wp\/v2\/product\/29676\/revisions"}],"predecessor-version":[{"id":34443,"href":"https:\/\/cityvisionshop.com\/en\/wp-json\/wp\/v2\/product\/29676\/revisions\/34443"}],"wp:featuredmedia":[{"embeddable":true,"href":"https:\/\/cityvisionshop.com\/en\/wp-json\/wp\/v2\/media\/21261"}],"wp:attachment":[{"href":"https:\/\/cityvisionshop.com\/en\/wp-json\/wp\/v2\/media?parent=29676"}],"wp:term":[{"taxonomy":"product_brand","embeddable":true,"href":"https:\/\/cityvisionshop.com\/en\/wp-json\/wp\/v2\/product_brand?post=29676"},{"taxonomy":"product_cat","embeddable":true,"href":"https:\/\/cityvisionshop.com\/en\/wp-json\/wp\/v2\/product_cat?post=29676"},{"taxonomy":"product_tag","embeddable":true,"href":"https:\/\/cityvisionshop.com\/en\/wp-json\/wp\/v2\/product_tag?post=29676"}],"curies":[{"name":"wp","href":"https:\/\/api.w.org\/{rel}","templated":true}]}}