{"id":29678,"date":"2025-02-24T15:23:40","date_gmt":"2025-02-24T14:23:40","guid":{"rendered":"https:\/\/cityvisionshop.com\/?post_type=product&#038;p=29678"},"modified":"2026-03-27T15:07:34","modified_gmt":"2026-03-27T14:07:34","slug":"ac01105","status":"publish","type":"product","link":"https:\/\/cityvisionshop.com\/en\/shop\/ac01105\/","title":{"rendered":"AC01105"},"content":{"rendered":"<p data-start=\"0\" data-end=\"87\"><strong data-start=\"0\" data-end=\"50\">Pr\u00e9sentoir pour lunettes &#8211; AC01105 (36 pi\u00e8ces)<\/strong><br data-start=\"50\" data-end=\"53\" \/><strong data-start=\"53\" data-end=\"85\">Dimensions : 85 x 32 x 32 cm<\/strong><\/p>\n<p data-start=\"89\" data-end=\"432\">Ce pr\u00e9sentoir compact et fonctionnel peut accueillir jusqu&rsquo;\u00e0 <strong data-start=\"150\" data-end=\"165\">36 lunettes<\/strong>, offrant une organisation claire et pratique. Il est \u00e9quip\u00e9 d&rsquo;un <strong data-start=\"231\" data-end=\"249\">miroir int\u00e9gr\u00e9<\/strong>, permettant aux clients d\u2019essayer facilement les lunettes. Avec ses dimensions de <strong data-start=\"332\" data-end=\"351\">85 x 32 x 32 cm<\/strong>, il est id\u00e9al pour une utilisation en magasin, en salon ou lors d&rsquo;expositions.<\/p>\n<p data-start=\"434\" data-end=\"650\">Pour v\u00e9rifier la disponibilit\u00e9 en stock et obtenir un devis pour les frais de livraison, veuillez nous contacter directement. <strong data-start=\"560\" data-end=\"648\">C&rsquo;est possible qu&rsquo;il soit encore en stock, mais il n&rsquo;est pas disponible sur le site.<\/strong><\/p>","protected":false},"excerpt":{"rendered":"<p>Pr\u00e9sentoir pour lunettes &#8211; AC01105 (36 pi\u00e8ces)Dimensions : 85 x 32 x 32 cm Ce pr\u00e9sentoir compact et fonctionnel peut accueillir jusqu&rsquo;\u00e0 36 lunettes, offrant une organisation claire et pratique. Il est \u00e9quip\u00e9 d&rsquo;un miroir int\u00e9gr\u00e9, permettant aux clients d\u2019essayer facilement les lunettes. Avec ses dimensions de 85 x 32 x 32 cm, il est&#8230;<\/p>","protected":false},"featured_media":21263,"template":"","meta":{"_bst_post_transparent":"default","_bst_post_title":"","_bst_post_layout":"default","_bst_post_sidebar_id":"","_bst_post_content_style":"default","_bst_post_vertical_padding":"default","_bst_post_feature":"","_bst_post_feature_position":"","_bst_post_header":false,"_bst_post_footer":false},"product_brand":[],"product_cat":[123],"product_tag":[],"class_list":{"0":"post-29678","1":"product","2":"type-product","3":"status-publish","4":"has-post-thumbnail","6":"product_cat-accessoires","8":"first","9":"instock","10":"taxable","11":"shipping-taxable","12":"product-type-simple","13":"entry","14":"content-bg","15":"loop-entry"},"_links":{"self":[{"href":"https:\/\/cityvisionshop.com\/en\/wp-json\/wp\/v2\/product\/29678","targetHints":{"allow":["GET"]}}],"collection":[{"href":"https:\/\/cityvisionshop.com\/en\/wp-json\/wp\/v2\/product"}],"about":[{"href":"https:\/\/cityvisionshop.com\/en\/wp-json\/wp\/v2\/types\/product"}],"version-history":[{"count":1,"href":"https:\/\/cityvisionshop.com\/en\/wp-json\/wp\/v2\/product\/29678\/revisions"}],"predecessor-version":[{"id":34436,"href":"https:\/\/cityvisionshop.com\/en\/wp-json\/wp\/v2\/product\/29678\/revisions\/34436"}],"wp:featuredmedia":[{"embeddable":true,"href":"https:\/\/cityvisionshop.com\/en\/wp-json\/wp\/v2\/media\/21263"}],"wp:attachment":[{"href":"https:\/\/cityvisionshop.com\/en\/wp-json\/wp\/v2\/media?parent=29678"}],"wp:term":[{"taxonomy":"product_brand","embeddable":true,"href":"https:\/\/cityvisionshop.com\/en\/wp-json\/wp\/v2\/product_brand?post=29678"},{"taxonomy":"product_cat","embeddable":true,"href":"https:\/\/cityvisionshop.com\/en\/wp-json\/wp\/v2\/product_cat?post=29678"},{"taxonomy":"product_tag","embeddable":true,"href":"https:\/\/cityvisionshop.com\/en\/wp-json\/wp\/v2\/product_tag?post=29678"}],"curies":[{"name":"wp","href":"https:\/\/api.w.org\/{rel}","templated":true}]}}