{"id":29715,"date":"2025-02-24T15:23:44","date_gmt":"2025-02-24T14:23:44","guid":{"rendered":"https:\/\/cityvisionshop.com\/?post_type=product&#038;p=29715"},"modified":"2026-03-27T15:15:34","modified_gmt":"2026-03-27T14:15:34","slug":"ac019","status":"publish","type":"product","link":"https:\/\/cityvisionshop.com\/en\/shop\/ac019\/","title":{"rendered":"AC019"},"content":{"rendered":"<p data-start=\"0\" data-end=\"147\"><strong data-start=\"0\" data-end=\"53\">Bo\u00eetier de pr\u00e9sentation pour lunettes &#8211; 16 pi\u00e8ces<\/strong><br data-start=\"53\" data-end=\"56\" \/><strong data-start=\"56\" data-end=\"74\">Couleur : Noir<\/strong><br data-start=\"74\" data-end=\"77\" \/><strong data-start=\"77\" data-end=\"110\">Disposition : 2 colonnes de 8<\/strong><br data-start=\"110\" data-end=\"113\" \/><strong data-start=\"113\" data-end=\"145\">Dimensions : 55 x 37 x 18 cm<\/strong><\/p>\n<p data-start=\"149\" data-end=\"545\">Ce bo\u00eetier de pr\u00e9sentation \u00e9l\u00e9gant et fonctionnel est con\u00e7u pour accueillir <strong data-start=\"225\" data-end=\"240\">16 lunettes<\/strong>, dispos\u00e9es en <strong data-start=\"255\" data-end=\"277\">deux colonnes de 8<\/strong>. Son ext\u00e9rieur noir sophistiqu\u00e9 lui conf\u00e8re un style sobre et professionnel. Il permet une organisation optimale et une excellente visibilit\u00e9 des lunettes, tout en assurant leur protection.<\/p>\n<p data-start=\"547\" data-end=\"763\">Pour v\u00e9rifier la disponibilit\u00e9 en stock et obtenir un devis pour les frais de livraison, veuillez nous contacter directement. <strong data-start=\"673\" data-end=\"761\">C&rsquo;est possible qu&rsquo;il soit encore en stock, mais il n&rsquo;est pas disponible sur le site.<\/strong><\/p>","protected":false},"excerpt":{"rendered":"<p>Bo\u00eetier de pr\u00e9sentation pour lunettes &#8211; 16 pi\u00e8cesCouleur : NoirDisposition : 2 colonnes de 8Dimensions : 55 x 37 x 18 cm Ce bo\u00eetier de pr\u00e9sentation \u00e9l\u00e9gant et fonctionnel est con\u00e7u pour accueillir 16 lunettes, dispos\u00e9es en deux colonnes de 8. Son ext\u00e9rieur noir sophistiqu\u00e9 lui conf\u00e8re un style sobre et professionnel. Il permet une&#8230;<\/p>","protected":false},"featured_media":18966,"template":"","meta":{"_bst_post_transparent":"default","_bst_post_title":"","_bst_post_layout":"default","_bst_post_sidebar_id":"","_bst_post_content_style":"default","_bst_post_vertical_padding":"default","_bst_post_feature":"","_bst_post_feature_position":"","_bst_post_header":false,"_bst_post_footer":false},"product_brand":[],"product_cat":[123],"product_tag":[],"class_list":{"0":"post-29715","1":"product","2":"type-product","3":"status-publish","4":"has-post-thumbnail","6":"product_cat-accessoires","8":"first","9":"instock","10":"taxable","11":"shipping-taxable","12":"product-type-simple","13":"entry","14":"content-bg","15":"loop-entry"},"_links":{"self":[{"href":"https:\/\/cityvisionshop.com\/en\/wp-json\/wp\/v2\/product\/29715","targetHints":{"allow":["GET"]}}],"collection":[{"href":"https:\/\/cityvisionshop.com\/en\/wp-json\/wp\/v2\/product"}],"about":[{"href":"https:\/\/cityvisionshop.com\/en\/wp-json\/wp\/v2\/types\/product"}],"version-history":[{"count":1,"href":"https:\/\/cityvisionshop.com\/en\/wp-json\/wp\/v2\/product\/29715\/revisions"}],"predecessor-version":[{"id":34433,"href":"https:\/\/cityvisionshop.com\/en\/wp-json\/wp\/v2\/product\/29715\/revisions\/34433"}],"wp:featuredmedia":[{"embeddable":true,"href":"https:\/\/cityvisionshop.com\/en\/wp-json\/wp\/v2\/media\/18966"}],"wp:attachment":[{"href":"https:\/\/cityvisionshop.com\/en\/wp-json\/wp\/v2\/media?parent=29715"}],"wp:term":[{"taxonomy":"product_brand","embeddable":true,"href":"https:\/\/cityvisionshop.com\/en\/wp-json\/wp\/v2\/product_brand?post=29715"},{"taxonomy":"product_cat","embeddable":true,"href":"https:\/\/cityvisionshop.com\/en\/wp-json\/wp\/v2\/product_cat?post=29715"},{"taxonomy":"product_tag","embeddable":true,"href":"https:\/\/cityvisionshop.com\/en\/wp-json\/wp\/v2\/product_tag?post=29715"}],"curies":[{"name":"wp","href":"https:\/\/api.w.org\/{rel}","templated":true}]}}