{"id":29722,"date":"2025-02-24T15:23:44","date_gmt":"2025-02-24T14:23:44","guid":{"rendered":"https:\/\/cityvisionshop.com\/?post_type=product&#038;p=29722"},"modified":"2026-04-20T15:58:15","modified_gmt":"2026-04-20T13:58:15","slug":"ac02092b","status":"publish","type":"product","link":"https:\/\/cityvisionshop.com\/en\/shop\/ac02092b\/","title":{"rendered":"AC02092B (12 pcs\/Pack)"},"content":{"rendered":"<p data-start=\"0\" data-end=\"71\"><strong data-start=\"0\" data-end=\"48\">AC02092B (Pack de 12) &#8211; Bo\u00eetes pour lunettes<\/strong><br data-start=\"48\" data-end=\"51\" \/><strong data-start=\"51\" data-end=\"69\">Couleur : Noir<\/strong><\/p>\n<p data-start=\"73\" data-end=\"424\">Ces bo\u00eetes pour lunettes \u00e9l\u00e9gantes et robustes sont vendues par pack de <strong data-start=\"145\" data-end=\"158\">12 unit\u00e9s<\/strong>. De couleur <strong data-start=\"171\" data-end=\"180\">noire<\/strong>, elles offrent une protection optimale pour vos lunettes, tout en ayant un design \u00e9pur\u00e9 et moderne. Parfaites pour les d\u00e9taillants ou les \u00e9v\u00e9nements, ces bo\u00eetes garantissent \u00e0 vos produits un affichage professionnel et une s\u00e9curit\u00e9 maximale.<\/p>","protected":false},"excerpt":{"rendered":"<p>AC02092B (Pack de 12) &#8211; Bo\u00eetes pour lunettesCouleur : Noir Ces bo\u00eetes pour lunettes \u00e9l\u00e9gantes et robustes sont vendues par pack de 12 unit\u00e9s. De couleur noire, elles offrent une protection optimale pour vos lunettes, tout en ayant un design \u00e9pur\u00e9 et moderne. Parfaites pour les d\u00e9taillants ou les \u00e9v\u00e9nements, ces bo\u00eetes garantissent \u00e0 vos&#8230;<\/p>","protected":false},"featured_media":19463,"template":"","meta":{"_bst_post_transparent":"default","_bst_post_title":"","_bst_post_layout":"default","_bst_post_sidebar_id":"","_bst_post_content_style":"default","_bst_post_vertical_padding":"default","_bst_post_feature":"","_bst_post_feature_position":"","_bst_post_header":false,"_bst_post_footer":false},"product_brand":[],"product_cat":[123],"product_tag":[],"class_list":{"0":"post-29722","1":"product","2":"type-product","3":"status-publish","4":"has-post-thumbnail","6":"product_cat-accessoires","8":"first","9":"instock","10":"taxable","11":"shipping-taxable","12":"product-type-simple","13":"entry","14":"content-bg","15":"loop-entry"},"_links":{"self":[{"href":"https:\/\/cityvisionshop.com\/en\/wp-json\/wp\/v2\/product\/29722","targetHints":{"allow":["GET"]}}],"collection":[{"href":"https:\/\/cityvisionshop.com\/en\/wp-json\/wp\/v2\/product"}],"about":[{"href":"https:\/\/cityvisionshop.com\/en\/wp-json\/wp\/v2\/types\/product"}],"version-history":[{"count":0,"href":"https:\/\/cityvisionshop.com\/en\/wp-json\/wp\/v2\/product\/29722\/revisions"}],"wp:featuredmedia":[{"embeddable":true,"href":"https:\/\/cityvisionshop.com\/en\/wp-json\/wp\/v2\/media\/19463"}],"wp:attachment":[{"href":"https:\/\/cityvisionshop.com\/en\/wp-json\/wp\/v2\/media?parent=29722"}],"wp:term":[{"taxonomy":"product_brand","embeddable":true,"href":"https:\/\/cityvisionshop.com\/en\/wp-json\/wp\/v2\/product_brand?post=29722"},{"taxonomy":"product_cat","embeddable":true,"href":"https:\/\/cityvisionshop.com\/en\/wp-json\/wp\/v2\/product_cat?post=29722"},{"taxonomy":"product_tag","embeddable":true,"href":"https:\/\/cityvisionshop.com\/en\/wp-json\/wp\/v2\/product_tag?post=29722"}],"curies":[{"name":"wp","href":"https:\/\/api.w.org\/{rel}","templated":true}]}}