{"id":29724,"date":"2025-02-24T15:23:44","date_gmt":"2025-02-24T14:23:44","guid":{"rendered":"https:\/\/cityvisionshop.com\/?post_type=product&#038;p=29724"},"modified":"2026-03-27T15:07:37","modified_gmt":"2026-03-27T14:07:37","slug":"ac02092g","status":"publish","type":"product","link":"https:\/\/cityvisionshop.com\/en\/shop\/ac02092g\/","title":{"rendered":"AC02092G (12 pcs\/Pack)"},"content":{"rendered":"<p data-start=\"0\" data-end=\"69\"><strong data-start=\"0\" data-end=\"48\">AC02092B (Pack de 12) &#8211; Bo\u00eetes pour lunettes<\/strong><br data-start=\"48\" data-end=\"51\" \/><strong data-start=\"51\" data-end=\"67\">Couleur : Or<\/strong><\/p>\n<p data-start=\"71\" data-end=\"442\">Ces bo\u00eetes pour lunettes \u00e9l\u00e9gantes et robustes sont vendues par pack de <strong data-start=\"143\" data-end=\"156\">12 unit\u00e9s<\/strong>. De couleur <strong data-start=\"169\" data-end=\"175\">or<\/strong>, elles offrent une protection optimale pour vos lunettes tout en ajoutant une touche de luxe et de sophistication \u00e0 votre pr\u00e9sentation. Parfaites pour les d\u00e9taillants ou les \u00e9v\u00e9nements, ces bo\u00eetes garantissent \u00e0 vos produits un affichage professionnel et s\u00e9curis\u00e9.<\/p>","protected":false},"excerpt":{"rendered":"<p>AC02092B (Pack de 12) &#8211; Bo\u00eetes pour lunettesCouleur : Or Ces bo\u00eetes pour lunettes \u00e9l\u00e9gantes et robustes sont vendues par pack de 12 unit\u00e9s. De couleur or, elles offrent une protection optimale pour vos lunettes tout en ajoutant une touche de luxe et de sophistication \u00e0 votre pr\u00e9sentation. Parfaites pour les d\u00e9taillants ou les \u00e9v\u00e9nements,&#8230;<\/p>","protected":false},"featured_media":18972,"template":"","meta":{"_bst_post_transparent":"default","_bst_post_title":"","_bst_post_layout":"default","_bst_post_sidebar_id":"","_bst_post_content_style":"default","_bst_post_vertical_padding":"default","_bst_post_feature":"","_bst_post_feature_position":"","_bst_post_header":false,"_bst_post_footer":false},"product_brand":[],"product_cat":[123],"product_tag":[],"class_list":{"0":"post-29724","1":"product","2":"type-product","3":"status-publish","4":"has-post-thumbnail","6":"product_cat-accessoires","8":"first","9":"instock","10":"taxable","11":"shipping-taxable","12":"product-type-simple","13":"entry","14":"content-bg","15":"loop-entry"},"_links":{"self":[{"href":"https:\/\/cityvisionshop.com\/en\/wp-json\/wp\/v2\/product\/29724","targetHints":{"allow":["GET"]}}],"collection":[{"href":"https:\/\/cityvisionshop.com\/en\/wp-json\/wp\/v2\/product"}],"about":[{"href":"https:\/\/cityvisionshop.com\/en\/wp-json\/wp\/v2\/types\/product"}],"version-history":[{"count":0,"href":"https:\/\/cityvisionshop.com\/en\/wp-json\/wp\/v2\/product\/29724\/revisions"}],"wp:featuredmedia":[{"embeddable":true,"href":"https:\/\/cityvisionshop.com\/en\/wp-json\/wp\/v2\/media\/18972"}],"wp:attachment":[{"href":"https:\/\/cityvisionshop.com\/en\/wp-json\/wp\/v2\/media?parent=29724"}],"wp:term":[{"taxonomy":"product_brand","embeddable":true,"href":"https:\/\/cityvisionshop.com\/en\/wp-json\/wp\/v2\/product_brand?post=29724"},{"taxonomy":"product_cat","embeddable":true,"href":"https:\/\/cityvisionshop.com\/en\/wp-json\/wp\/v2\/product_cat?post=29724"},{"taxonomy":"product_tag","embeddable":true,"href":"https:\/\/cityvisionshop.com\/en\/wp-json\/wp\/v2\/product_tag?post=29724"}],"curies":[{"name":"wp","href":"https:\/\/api.w.org\/{rel}","templated":true}]}}