{"id":29735,"date":"2025-02-24T15:23:45","date_gmt":"2025-02-24T14:23:45","guid":{"rendered":"https:\/\/cityvisionshop.com\/?post_type=product&#038;p=29735"},"modified":"2026-04-06T12:40:59","modified_gmt":"2026-04-06T11:40:59","slug":"ac02116f","status":"publish","type":"product","link":"https:\/\/cityvisionshop.com\/en\/shop\/ac02116f\/","title":{"rendered":"AC02116F (12 pcs\/Pack)"},"content":{"rendered":"<p data-start=\"0\" data-end=\"71\"><strong data-start=\"0\" data-end=\"47\">Etuis pour lunettes &#8211; AC02092B (Pack de 12)<\/strong><\/p>\n<p data-start=\"73\" data-end=\"448\">Ces <strong data-start=\"77\" data-end=\"100\">\u00e9tuis pour lunettes<\/strong> \u00e9l\u00e9gants et pratiques sont vendus par pack de <strong data-start=\"147\" data-end=\"160\">12 unit\u00e9s<\/strong>. Chaque \u00e9tui offre une protection fiable pour vos lunettes tout en affichant un design sobre et styl\u00e9. Parfait pour les d\u00e9taillants ou les cadeaux, ces \u00e9tuis garantissent \u00e0 vos lunettes une pr\u00e9sentation soign\u00e9e et une s\u00e9curit\u00e9 optimale.<\/p>","protected":false},"excerpt":{"rendered":"<p>Etuis pour lunettes &#8211; AC02092B (Pack de 12) Ces \u00e9tuis pour lunettes \u00e9l\u00e9gants et pratiques sont vendus par pack de 12 unit\u00e9s. Chaque \u00e9tui offre une protection fiable pour vos lunettes tout en affichant un design sobre et styl\u00e9. Parfait pour les d\u00e9taillants ou les cadeaux, ces \u00e9tuis garantissent \u00e0 vos lunettes une pr\u00e9sentation soign\u00e9e&#8230;<\/p>","protected":false},"featured_media":21283,"template":"","meta":{"_bst_post_transparent":"default","_bst_post_title":"","_bst_post_layout":"default","_bst_post_sidebar_id":"","_bst_post_content_style":"default","_bst_post_vertical_padding":"default","_bst_post_feature":"","_bst_post_feature_position":"","_bst_post_header":false,"_bst_post_footer":false},"product_brand":[],"product_cat":[123],"product_tag":[],"class_list":{"0":"post-29735","1":"product","2":"type-product","3":"status-publish","4":"has-post-thumbnail","6":"product_cat-accessoires","8":"first","9":"instock","10":"taxable","11":"shipping-taxable","12":"product-type-simple","13":"entry","14":"content-bg","15":"loop-entry"},"_links":{"self":[{"href":"https:\/\/cityvisionshop.com\/en\/wp-json\/wp\/v2\/product\/29735","targetHints":{"allow":["GET"]}}],"collection":[{"href":"https:\/\/cityvisionshop.com\/en\/wp-json\/wp\/v2\/product"}],"about":[{"href":"https:\/\/cityvisionshop.com\/en\/wp-json\/wp\/v2\/types\/product"}],"version-history":[{"count":1,"href":"https:\/\/cityvisionshop.com\/en\/wp-json\/wp\/v2\/product\/29735\/revisions"}],"predecessor-version":[{"id":34428,"href":"https:\/\/cityvisionshop.com\/en\/wp-json\/wp\/v2\/product\/29735\/revisions\/34428"}],"wp:featuredmedia":[{"embeddable":true,"href":"https:\/\/cityvisionshop.com\/en\/wp-json\/wp\/v2\/media\/21283"}],"wp:attachment":[{"href":"https:\/\/cityvisionshop.com\/en\/wp-json\/wp\/v2\/media?parent=29735"}],"wp:term":[{"taxonomy":"product_brand","embeddable":true,"href":"https:\/\/cityvisionshop.com\/en\/wp-json\/wp\/v2\/product_brand?post=29735"},{"taxonomy":"product_cat","embeddable":true,"href":"https:\/\/cityvisionshop.com\/en\/wp-json\/wp\/v2\/product_cat?post=29735"},{"taxonomy":"product_tag","embeddable":true,"href":"https:\/\/cityvisionshop.com\/en\/wp-json\/wp\/v2\/product_tag?post=29735"}],"curies":[{"name":"wp","href":"https:\/\/api.w.org\/{rel}","templated":true}]}}