{"id":29739,"date":"2025-02-24T15:23:45","date_gmt":"2025-02-24T14:23:45","guid":{"rendered":"https:\/\/cityvisionshop.com\/?post_type=product&#038;p=29739"},"modified":"2026-03-27T15:07:38","modified_gmt":"2026-03-27T14:07:38","slug":"ac03009","status":"publish","type":"product","link":"https:\/\/cityvisionshop.com\/en\/shop\/ac03009\/","title":{"rendered":"AC03009"},"content":{"rendered":"<p data-start=\"0\" data-end=\"64\"><strong data-start=\"0\" data-end=\"62\">Chiffons de nettoyage pour lunettes &#8211; 100 pi\u00e8ces par bo\u00eete<\/strong><\/p>\n<p data-start=\"66\" data-end=\"410\">Ces <strong data-start=\"70\" data-end=\"109\">chiffons de nettoyage pour lunettes<\/strong> sont vendus par bo\u00eete de <strong data-start=\"135\" data-end=\"149\">100 unit\u00e9s<\/strong>. Fabriqu\u00e9s \u00e0 partir de mat\u00e9riaux doux et efficaces, ils permettent de nettoyer vos lunettes en douceur, sans rayer les lentilles.<\/p>","protected":false},"excerpt":{"rendered":"<p>Chiffons de nettoyage pour lunettes &#8211; 100 pi\u00e8ces par bo\u00eete Ces chiffons de nettoyage pour lunettes sont vendus par bo\u00eete de 100 unit\u00e9s. Fabriqu\u00e9s \u00e0 partir de mat\u00e9riaux doux et efficaces, ils permettent de nettoyer vos lunettes en douceur, sans rayer les lentilles.<\/p>","protected":false},"featured_media":18978,"template":"","meta":{"_bst_post_transparent":"default","_bst_post_title":"","_bst_post_layout":"default","_bst_post_sidebar_id":"","_bst_post_content_style":"default","_bst_post_vertical_padding":"default","_bst_post_feature":"","_bst_post_feature_position":"","_bst_post_header":false,"_bst_post_footer":false},"product_brand":[],"product_cat":[123],"product_tag":[],"class_list":{"0":"post-29739","1":"product","2":"type-product","3":"status-publish","4":"has-post-thumbnail","6":"product_cat-accessoires","8":"first","9":"instock","10":"taxable","11":"shipping-taxable","12":"product-type-simple","13":"entry","14":"content-bg","15":"loop-entry"},"_links":{"self":[{"href":"https:\/\/cityvisionshop.com\/en\/wp-json\/wp\/v2\/product\/29739","targetHints":{"allow":["GET"]}}],"collection":[{"href":"https:\/\/cityvisionshop.com\/en\/wp-json\/wp\/v2\/product"}],"about":[{"href":"https:\/\/cityvisionshop.com\/en\/wp-json\/wp\/v2\/types\/product"}],"version-history":[{"count":0,"href":"https:\/\/cityvisionshop.com\/en\/wp-json\/wp\/v2\/product\/29739\/revisions"}],"wp:featuredmedia":[{"embeddable":true,"href":"https:\/\/cityvisionshop.com\/en\/wp-json\/wp\/v2\/media\/18978"}],"wp:attachment":[{"href":"https:\/\/cityvisionshop.com\/en\/wp-json\/wp\/v2\/media?parent=29739"}],"wp:term":[{"taxonomy":"product_brand","embeddable":true,"href":"https:\/\/cityvisionshop.com\/en\/wp-json\/wp\/v2\/product_brand?post=29739"},{"taxonomy":"product_cat","embeddable":true,"href":"https:\/\/cityvisionshop.com\/en\/wp-json\/wp\/v2\/product_cat?post=29739"},{"taxonomy":"product_tag","embeddable":true,"href":"https:\/\/cityvisionshop.com\/en\/wp-json\/wp\/v2\/product_tag?post=29739"}],"curies":[{"name":"wp","href":"https:\/\/api.w.org\/{rel}","templated":true}]}}