{"id":29772,"date":"2025-02-24T15:23:48","date_gmt":"2025-02-24T14:23:48","guid":{"rendered":"https:\/\/cityvisionshop.com\/?post_type=product&#038;p=29772"},"modified":"2026-04-07T09:40:43","modified_gmt":"2026-04-07T08:40:43","slug":"ac04008b","status":"publish","type":"product","link":"https:\/\/cityvisionshop.com\/en\/shop\/ac04008b\/","title":{"rendered":"AC04008B (12 pcs\/Pack)"},"content":{"rendered":"<p data-start=\"0\" data-end=\"69\"><strong data-start=\"0\" data-end=\"48\">Pochettes pour lunettes &#8211; Couleur Noir<\/strong><br data-start=\"48\" data-end=\"51\" \/><strong data-start=\"51\" data-end=\"67\">Vendu par 12<\/strong><\/p>\n<p data-start=\"71\" data-end=\"464\">Ces <strong data-start=\"75\" data-end=\"102\">pochettes pour lunettes<\/strong> sont vendues par pack de <strong data-start=\"128\" data-end=\"141\">12 unit\u00e9s<\/strong>, avec des <strong data-start=\"152\" data-end=\"174\">couleurs assorties<\/strong>. Chaque pochette offre une protection fiable pour vos lunettes tout en apportant une touche de couleur et de style. Parfaites pour les d\u00e9taillants ou les \u00e9v\u00e9nements, ces pochettes allient praticit\u00e9 et esth\u00e9tique, et s\u2019adaptent \u00e0 tous les go\u00fbts gr\u00e2ce \u00e0 la vari\u00e9t\u00e9 de couleurs disponibles.<\/p>","protected":false},"excerpt":{"rendered":"<p>Pochettes pour lunettes &#8211; Couleur NoirVendu par 12 Ces pochettes pour lunettes sont vendues par pack de 12 unit\u00e9s, avec des couleurs assorties. Chaque pochette offre une protection fiable pour vos lunettes tout en apportant une touche de couleur et de style. Parfaites pour les d\u00e9taillants ou les \u00e9v\u00e9nements, ces pochettes allient praticit\u00e9 et esth\u00e9tique,&#8230;<\/p>","protected":false},"featured_media":19473,"template":"","meta":{"_bst_post_transparent":"","_bst_post_title":"","_bst_post_layout":"","_bst_post_sidebar_id":"","_bst_post_content_style":"","_bst_post_vertical_padding":"","_bst_post_feature":"","_bst_post_feature_position":"","_bst_post_header":false,"_bst_post_footer":false},"product_brand":[],"product_cat":[123],"product_tag":[],"class_list":{"0":"post-29772","1":"product","2":"type-product","3":"status-publish","4":"has-post-thumbnail","6":"product_cat-accessoires","8":"first","9":"instock","10":"taxable","11":"shipping-taxable","12":"product-type-simple","13":"entry","14":"content-bg","15":"loop-entry"},"_links":{"self":[{"href":"https:\/\/cityvisionshop.com\/en\/wp-json\/wp\/v2\/product\/29772","targetHints":{"allow":["GET"]}}],"collection":[{"href":"https:\/\/cityvisionshop.com\/en\/wp-json\/wp\/v2\/product"}],"about":[{"href":"https:\/\/cityvisionshop.com\/en\/wp-json\/wp\/v2\/types\/product"}],"version-history":[{"count":2,"href":"https:\/\/cityvisionshop.com\/en\/wp-json\/wp\/v2\/product\/29772\/revisions"}],"predecessor-version":[{"id":35395,"href":"https:\/\/cityvisionshop.com\/en\/wp-json\/wp\/v2\/product\/29772\/revisions\/35395"}],"wp:featuredmedia":[{"embeddable":true,"href":"https:\/\/cityvisionshop.com\/en\/wp-json\/wp\/v2\/media\/19473"}],"wp:attachment":[{"href":"https:\/\/cityvisionshop.com\/en\/wp-json\/wp\/v2\/media?parent=29772"}],"wp:term":[{"taxonomy":"product_brand","embeddable":true,"href":"https:\/\/cityvisionshop.com\/en\/wp-json\/wp\/v2\/product_brand?post=29772"},{"taxonomy":"product_cat","embeddable":true,"href":"https:\/\/cityvisionshop.com\/en\/wp-json\/wp\/v2\/product_cat?post=29772"},{"taxonomy":"product_tag","embeddable":true,"href":"https:\/\/cityvisionshop.com\/en\/wp-json\/wp\/v2\/product_tag?post=29772"}],"curies":[{"name":"wp","href":"https:\/\/api.w.org\/{rel}","templated":true}]}}