{"id":29777,"date":"2025-02-24T15:23:48","date_gmt":"2025-02-24T14:23:48","guid":{"rendered":"https:\/\/cityvisionshop.com\/?post_type=product&#038;p=29777"},"modified":"2026-04-21T11:41:11","modified_gmt":"2026-04-21T09:41:11","slug":"ac05004","status":"publish","type":"product","link":"https:\/\/cityvisionshop.com\/en\/shop\/ac05004\/","title":{"rendered":"AC05004"},"content":{"rendered":"<p data-start=\"0\" data-end=\"67\"><strong data-start=\"0\" data-end=\"40\">Cha\u00eenes pour lunette<\/strong><br data-start=\"40\" data-end=\"43\" \/><strong data-start=\"43\" data-end=\"65\">Couleurs m\u00e9lang\u00e9es<\/strong><\/p>\n<p data-start=\"69\" data-end=\"472\">Ces <strong data-start=\"73\" data-end=\"98\">cha\u00eenes pour lunettes<\/strong> sont vendues a l&rsquo;<strong data-start=\"124\" data-end=\"137\">unit\u00e9<\/strong>, avec des <strong data-start=\"148\" data-end=\"170\">couleurs assorties<\/strong>. Elles sont \u00e0 la fois pratiques et \u00e9l\u00e9gantes, permettant de garder vos lunettes \u00e0 port\u00e9e de main tout en ajoutant une touche de style. Parfaites pour les d\u00e9taillants ou les cadeaux, ces cha\u00eenes sont un accessoire indispensable pour vos lunettes, disponibles dans une vari\u00e9t\u00e9 de couleurs attrayantes.<\/p>","protected":false},"excerpt":{"rendered":"<p>Cha\u00eenes pour lunetteCouleurs m\u00e9lang\u00e9es Ces cha\u00eenes pour lunettes sont vendues a l&rsquo;unit\u00e9, avec des couleurs assorties. Elles sont \u00e0 la fois pratiques et \u00e9l\u00e9gantes, permettant de garder vos lunettes \u00e0 port\u00e9e de main tout en ajoutant une touche de style. Parfaites pour les d\u00e9taillants ou les cadeaux, ces cha\u00eenes sont un accessoire indispensable pour vos&#8230;<\/p>","protected":false},"featured_media":18984,"template":"","meta":{"_bst_post_transparent":"default","_bst_post_title":"","_bst_post_layout":"default","_bst_post_sidebar_id":"","_bst_post_content_style":"default","_bst_post_vertical_padding":"default","_bst_post_feature":"","_bst_post_feature_position":"","_bst_post_header":false,"_bst_post_footer":false},"product_brand":[],"product_cat":[123],"product_tag":[],"class_list":{"0":"post-29777","1":"product","2":"type-product","3":"status-publish","4":"has-post-thumbnail","6":"product_cat-accessoires","8":"first","9":"instock","10":"taxable","11":"shipping-taxable","12":"product-type-simple","13":"entry","14":"content-bg","15":"loop-entry"},"_links":{"self":[{"href":"https:\/\/cityvisionshop.com\/en\/wp-json\/wp\/v2\/product\/29777","targetHints":{"allow":["GET"]}}],"collection":[{"href":"https:\/\/cityvisionshop.com\/en\/wp-json\/wp\/v2\/product"}],"about":[{"href":"https:\/\/cityvisionshop.com\/en\/wp-json\/wp\/v2\/types\/product"}],"version-history":[{"count":0,"href":"https:\/\/cityvisionshop.com\/en\/wp-json\/wp\/v2\/product\/29777\/revisions"}],"wp:featuredmedia":[{"embeddable":true,"href":"https:\/\/cityvisionshop.com\/en\/wp-json\/wp\/v2\/media\/18984"}],"wp:attachment":[{"href":"https:\/\/cityvisionshop.com\/en\/wp-json\/wp\/v2\/media?parent=29777"}],"wp:term":[{"taxonomy":"product_brand","embeddable":true,"href":"https:\/\/cityvisionshop.com\/en\/wp-json\/wp\/v2\/product_brand?post=29777"},{"taxonomy":"product_cat","embeddable":true,"href":"https:\/\/cityvisionshop.com\/en\/wp-json\/wp\/v2\/product_cat?post=29777"},{"taxonomy":"product_tag","embeddable":true,"href":"https:\/\/cityvisionshop.com\/en\/wp-json\/wp\/v2\/product_tag?post=29777"}],"curies":[{"name":"wp","href":"https:\/\/api.w.org\/{rel}","templated":true}]}}