{"id":29835,"date":"2026-04-21T09:48:31","date_gmt":"2026-04-21T07:48:31","guid":{"rendered":"https:\/\/cityvisionshop.com\/?post_type=product&#038;p=29835"},"modified":"2026-04-21T09:48:31","modified_gmt":"2026-04-21T07:48:31","slug":"ac622b","status":"publish","type":"product","link":"https:\/\/cityvisionshop.com\/en\/shop\/ac622b\/","title":{"rendered":"AC622B (12 pcs\/Pack)"},"content":{"rendered":"<p data-start=\"0\" data-end=\"70\"><strong data-start=\"0\" data-end=\"41\">Pochettes pour lunettes noires<\/strong><\/p>\n<p data-start=\"0\" data-end=\"70\">Ces <strong data-start=\"76\" data-end=\"103\">pochettes pour lunettes<\/strong> de couleur <strong data-start=\"115\" data-end=\"124\">noire<\/strong> sont vendues par pack de <strong data-start=\"150\" data-end=\"163\">12 unit\u00e9s<\/strong>. Elles offrent une protection optimale pour vos lunettes, avec un design simple et \u00e9l\u00e9gant. Parfaites pour les magasins ou les \u00e9v\u00e9nements, ces pochettes ajoutent une touche de professionnalisme tout en garantissant la s\u00e9curit\u00e9 et la protection de vos produits.<\/p>","protected":false},"excerpt":{"rendered":"<p>Pochettes pour lunettes noires Ces pochettes pour lunettes de couleur noire sont vendues par pack de 12 unit\u00e9s. Elles offrent une protection optimale pour vos lunettes, avec un design simple et \u00e9l\u00e9gant. Parfaites pour les magasins ou les \u00e9v\u00e9nements, ces pochettes ajoutent une touche de professionnalisme tout en garantissant la s\u00e9curit\u00e9 et la protection de&#8230;<\/p>","protected":false},"featured_media":18999,"template":"","meta":{"_bst_post_transparent":"default","_bst_post_title":"","_bst_post_layout":"default","_bst_post_sidebar_id":"","_bst_post_content_style":"default","_bst_post_vertical_padding":"default","_bst_post_feature":"","_bst_post_feature_position":"","_bst_post_header":false,"_bst_post_footer":false},"product_brand":[],"product_cat":[123],"product_tag":[],"class_list":{"0":"post-29835","1":"product","2":"type-product","3":"status-publish","4":"has-post-thumbnail","6":"product_cat-accessoires","8":"first","9":"instock","10":"taxable","11":"shipping-taxable","12":"product-type-simple","13":"entry","14":"content-bg","15":"loop-entry"},"_links":{"self":[{"href":"https:\/\/cityvisionshop.com\/en\/wp-json\/wp\/v2\/product\/29835","targetHints":{"allow":["GET"]}}],"collection":[{"href":"https:\/\/cityvisionshop.com\/en\/wp-json\/wp\/v2\/product"}],"about":[{"href":"https:\/\/cityvisionshop.com\/en\/wp-json\/wp\/v2\/types\/product"}],"version-history":[{"count":1,"href":"https:\/\/cityvisionshop.com\/en\/wp-json\/wp\/v2\/product\/29835\/revisions"}],"predecessor-version":[{"id":35411,"href":"https:\/\/cityvisionshop.com\/en\/wp-json\/wp\/v2\/product\/29835\/revisions\/35411"}],"wp:featuredmedia":[{"embeddable":true,"href":"https:\/\/cityvisionshop.com\/en\/wp-json\/wp\/v2\/media\/18999"}],"wp:attachment":[{"href":"https:\/\/cityvisionshop.com\/en\/wp-json\/wp\/v2\/media?parent=29835"}],"wp:term":[{"taxonomy":"product_brand","embeddable":true,"href":"https:\/\/cityvisionshop.com\/en\/wp-json\/wp\/v2\/product_brand?post=29835"},{"taxonomy":"product_cat","embeddable":true,"href":"https:\/\/cityvisionshop.com\/en\/wp-json\/wp\/v2\/product_cat?post=29835"},{"taxonomy":"product_tag","embeddable":true,"href":"https:\/\/cityvisionshop.com\/en\/wp-json\/wp\/v2\/product_tag?post=29835"}],"curies":[{"name":"wp","href":"https:\/\/api.w.org\/{rel}","templated":true}]}}