{"id":29836,"date":"2025-02-24T15:23:53","date_gmt":"2025-02-24T14:23:53","guid":{"rendered":"https:\/\/cityvisionshop.com\/?post_type=product&#038;p=29836"},"modified":"2026-04-08T14:40:54","modified_gmt":"2026-04-08T13:40:54","slug":"ac630nh-1","status":"publish","type":"product","link":"https:\/\/cityvisionshop.com\/en\/shop\/ac630nh-1\/","title":{"rendered":"AC630NH-1 (12 pcs\/Pack)"},"content":{"rendered":"<p data-start=\"0\" data-end=\"120\"><strong data-start=\"0\" data-end=\"52\">AC630NH-1 (Pack de 12) &#8211; Pochettes pour lunettes<\/strong><br data-start=\"52\" data-end=\"55\" \/><strong data-start=\"55\" data-end=\"118\">Couleurs assorties : Bleu, Rose, Vert, Orange-Rouge, Jaune<\/strong><\/p>\n<p data-start=\"122\" data-end=\"535\">Ces <strong data-start=\"126\" data-end=\"153\">pochettes pour lunettes<\/strong> sont vendues par pack de <strong data-start=\"179\" data-end=\"192\">12 unit\u00e9s<\/strong>, avec une vari\u00e9t\u00e9 de couleurs vives et attrayantes : <strong data-start=\"246\" data-end=\"288\">bleu, rose, vert, orange-rouge, jaune<\/strong>. Chaque pochette est con\u00e7ue pour offrir une protection optimale \u00e0 vos lunettes tout en ajoutant une touche de couleur et de style. Parfaites pour les d\u00e9taillants ou les \u00e9v\u00e9nements, ces pochettes apportent praticit\u00e9 et esth\u00e9tique \u00e0 vos produits.<\/p>","protected":false},"excerpt":{"rendered":"<p>AC630NH-1 (Pack de 12) &#8211; Pochettes pour lunettesCouleurs assorties : Bleu, Rose, Vert, Orange-Rouge, Jaune Ces pochettes pour lunettes sont vendues par pack de 12 unit\u00e9s, avec une vari\u00e9t\u00e9 de couleurs vives et attrayantes : bleu, rose, vert, orange-rouge, jaune. Chaque pochette est con\u00e7ue pour offrir une protection optimale \u00e0 vos lunettes tout en ajoutant&#8230;<\/p>","protected":false},"featured_media":19495,"template":"","meta":{"_bst_post_transparent":"default","_bst_post_title":"","_bst_post_layout":"default","_bst_post_sidebar_id":"","_bst_post_content_style":"default","_bst_post_vertical_padding":"default","_bst_post_feature":"","_bst_post_feature_position":"","_bst_post_header":false,"_bst_post_footer":false},"product_brand":[],"product_cat":[123],"product_tag":[],"class_list":{"0":"post-29836","1":"product","2":"type-product","3":"status-publish","4":"has-post-thumbnail","6":"product_cat-accessoires","8":"first","9":"instock","10":"taxable","11":"shipping-taxable","12":"product-type-simple","13":"entry","14":"content-bg","15":"loop-entry"},"_links":{"self":[{"href":"https:\/\/cityvisionshop.com\/en\/wp-json\/wp\/v2\/product\/29836","targetHints":{"allow":["GET"]}}],"collection":[{"href":"https:\/\/cityvisionshop.com\/en\/wp-json\/wp\/v2\/product"}],"about":[{"href":"https:\/\/cityvisionshop.com\/en\/wp-json\/wp\/v2\/types\/product"}],"version-history":[{"count":0,"href":"https:\/\/cityvisionshop.com\/en\/wp-json\/wp\/v2\/product\/29836\/revisions"}],"wp:featuredmedia":[{"embeddable":true,"href":"https:\/\/cityvisionshop.com\/en\/wp-json\/wp\/v2\/media\/19495"}],"wp:attachment":[{"href":"https:\/\/cityvisionshop.com\/en\/wp-json\/wp\/v2\/media?parent=29836"}],"wp:term":[{"taxonomy":"product_brand","embeddable":true,"href":"https:\/\/cityvisionshop.com\/en\/wp-json\/wp\/v2\/product_brand?post=29836"},{"taxonomy":"product_cat","embeddable":true,"href":"https:\/\/cityvisionshop.com\/en\/wp-json\/wp\/v2\/product_cat?post=29836"},{"taxonomy":"product_tag","embeddable":true,"href":"https:\/\/cityvisionshop.com\/en\/wp-json\/wp\/v2\/product_tag?post=29836"}],"curies":[{"name":"wp","href":"https:\/\/api.w.org\/{rel}","templated":true}]}}