{"id":34918,"date":"2026-02-10T05:52:32","date_gmt":"2026-02-10T03:52:32","guid":{"rendered":"https:\/\/cityvisionshop.com\/?post_type=product&#038;p=34918"},"modified":"2026-03-27T14:35:43","modified_gmt":"2026-03-27T13:35:43","slug":"078251-12-pcs-pack","status":"publish","type":"product","link":"https:\/\/cityvisionshop.com\/en\/shop\/078251-12-pcs-pack\/","title":{"rendered":"078251 (12 pcs\/Pack)"},"content":{"rendered":"<p>CityVision offers sunglasses specially designed for children, combining protection, comfort and style at a wholesale price.<\/p>\n<p>Sold in boxes of 12<\/p>\n<p>Complies with the latest standards EN ISO 12312-1:2022 and also EN ISO 12312-1:2013\/A1:2015 <\/p>\n<p>Verres UV400 class\u00e9s en cat\u00e9gorie 8 : protection UV \u00e9lev\u00e9e contre les rayons nocifs du soleil, id\u00e9ale pour les journ\u00e9es ensoleill\u00e9es. La cat\u00e9gorie du mod\u00e8le sp\u00e9cifique est marqu\u00e9e sur la branche de lunettes. <\/p>\n<p>Bright colours and fun designs for children, with a variety of lens tints.<\/p>\n<p>Lightweight, hard-wearing frames, perfectly suited to young adventurers, for optimum comfort all day long.<\/p>\n<p>Ideal for outdoor activities such as trips to the beach, playing in the park and sunny holidays.<\/p>\n<p>Child-friendly dimensions (shown in images) in millimetres (mm) for Calibre \/ Bridge \/ Branch.<\/p>\n<p>Materials: frame available in PVC or polycarbonate (PC), a tough, durable plastic that offers excellent impact resistance.<\/p>","protected":false},"excerpt":{"rendered":"<p>CityVision propose des lunettes de soleil sp\u00e9cialement con\u00e7ues pour les enfants, alliant protection, confort et style \u00e0 un prix de gros Vendues par bo\u00eete de 12 pi\u00e8ces Conformes aux normes Conformes aux normes le plus r\u00e9cent EN ISO 12312-1:2022 et aussi EN ISO 12312-1:2013\/A1:2015 Verres UV400 class\u00e9s en cat\u00e9gorie 8 : protection UV \u00e9lev\u00e9e contre&#8230;<\/p>","protected":false},"featured_media":34882,"template":"","meta":{"_bst_post_transparent":"","_bst_post_title":"","_bst_post_layout":"","_bst_post_sidebar_id":"","_bst_post_content_style":"","_bst_post_vertical_padding":"","_bst_post_feature":"","_bst_post_feature_position":"","_bst_post_header":false,"_bst_post_footer":false},"product_brand":[],"product_cat":[121,124],"product_tag":[],"class_list":{"0":"post-34918","1":"product","2":"type-product","3":"status-publish","4":"has-post-thumbnail","6":"product_cat-enfant","7":"product_cat-nouveautes","9":"first","10":"instock","11":"taxable","12":"shipping-taxable","13":"product-type-simple","14":"entry","15":"content-bg","16":"loop-entry"},"_links":{"self":[{"href":"https:\/\/cityvisionshop.com\/en\/wp-json\/wp\/v2\/product\/34918","targetHints":{"allow":["GET"]}}],"collection":[{"href":"https:\/\/cityvisionshop.com\/en\/wp-json\/wp\/v2\/product"}],"about":[{"href":"https:\/\/cityvisionshop.com\/en\/wp-json\/wp\/v2\/types\/product"}],"version-history":[{"count":1,"href":"https:\/\/cityvisionshop.com\/en\/wp-json\/wp\/v2\/product\/34918\/revisions"}],"predecessor-version":[{"id":34946,"href":"https:\/\/cityvisionshop.com\/en\/wp-json\/wp\/v2\/product\/34918\/revisions\/34946"}],"wp:featuredmedia":[{"embeddable":true,"href":"https:\/\/cityvisionshop.com\/en\/wp-json\/wp\/v2\/media\/34882"}],"wp:attachment":[{"href":"https:\/\/cityvisionshop.com\/en\/wp-json\/wp\/v2\/media?parent=34918"}],"wp:term":[{"taxonomy":"product_brand","embeddable":true,"href":"https:\/\/cityvisionshop.com\/en\/wp-json\/wp\/v2\/product_brand?post=34918"},{"taxonomy":"product_cat","embeddable":true,"href":"https:\/\/cityvisionshop.com\/en\/wp-json\/wp\/v2\/product_cat?post=34918"},{"taxonomy":"product_tag","embeddable":true,"href":"https:\/\/cityvisionshop.com\/en\/wp-json\/wp\/v2\/product_tag?post=34918"}],"curies":[{"name":"wp","href":"https:\/\/api.w.org\/{rel}","templated":true}]}}