{"id":34975,"date":"2026-02-10T05:52:44","date_gmt":"2026-02-10T03:52:44","guid":{"rendered":"https:\/\/cityvisionshop.com\/?post_type=product&#038;p=34975"},"modified":"2026-03-27T14:35:44","modified_gmt":"2026-03-27T13:35:44","slug":"016870-12-pcs-pack","status":"publish","type":"product","link":"https:\/\/cityvisionshop.com\/en\/shop\/016870-12-pcs-pack\/","title":{"rendered":"016870 (12 pcs\/Pack)"},"content":{"rendered":"<p>CityVision sells sunglasses with trendy designs at wholesale prices, ideal for all sunny outdoor activities or fashion events.<\/p>\n<p>Sold in boxes of 12<\/p>\n<p> Complies with the latest standards EN ISO 12312-1:2022 and also EN ISO 12312-1:2013\/A1:2015 <\/p>\n<p>Verres UV400 class\u00e9s en cat\u00e9gorie 9 : protection UV \u00e9lev\u00e9e contre les rayons du soleil, id\u00e9ale pour les journ\u00e9es ensoleill\u00e9es et les environnements lumineux. La cat\u00e9gorie du mod\u00e8le sp\u00e9cifique est marqu\u00e9e sur la branche de lunettes<\/p>\n<p>Assorted frame colours and potentially varied lens tints<\/p>\n<p>Comfort and trendy style, with high-quality frames that combine strength and lightness. <\/p>\n<p>Dimensions (shown in images) in millimetres (mm) for Calibre \/ Bridge \/ Branch<\/p>\n<p>Materials: frame available in metal or PVC. Polycarbonate (PC) is a highly durable material, a rigid plastic offering a long service life. <\/p>","protected":false},"excerpt":{"rendered":"<p>CityVision vend des lunettes de soleil au design tendance \u00e0 un prix de gros, id\u00e9ales pour toutes les activit\u00e9s de plein air ensoleill\u00e9es ou les \u00e9v\u00e9nements de mode. Vendues par bo\u00eete de 12 pi\u00e8ces Conformes aux normes le plus r\u00e9cent EN ISO 12312-1:2022 et aussi EN ISO 12312-1:2013\/A1:2015 Verres UV400 class\u00e9s en cat\u00e9gorie 9 :&#8230;<\/p>","protected":false},"featured_media":34732,"template":"","meta":{"_bst_post_transparent":"","_bst_post_title":"","_bst_post_layout":"","_bst_post_sidebar_id":"","_bst_post_content_style":"","_bst_post_vertical_padding":"","_bst_post_feature":"","_bst_post_feature_position":"","_bst_post_header":false,"_bst_post_footer":false},"product_brand":[],"product_cat":[138,124],"product_tag":[],"class_list":{"0":"post-34975","1":"product","2":"type-product","3":"status-publish","4":"has-post-thumbnail","6":"product_cat-mixte","7":"product_cat-nouveautes","9":"first","10":"instock","11":"taxable","12":"shipping-taxable","13":"product-type-simple","14":"entry","15":"content-bg","16":"loop-entry"},"_links":{"self":[{"href":"https:\/\/cityvisionshop.com\/en\/wp-json\/wp\/v2\/product\/34975","targetHints":{"allow":["GET"]}}],"collection":[{"href":"https:\/\/cityvisionshop.com\/en\/wp-json\/wp\/v2\/product"}],"about":[{"href":"https:\/\/cityvisionshop.com\/en\/wp-json\/wp\/v2\/types\/product"}],"version-history":[{"count":1,"href":"https:\/\/cityvisionshop.com\/en\/wp-json\/wp\/v2\/product\/34975\/revisions"}],"predecessor-version":[{"id":35005,"href":"https:\/\/cityvisionshop.com\/en\/wp-json\/wp\/v2\/product\/34975\/revisions\/35005"}],"wp:featuredmedia":[{"embeddable":true,"href":"https:\/\/cityvisionshop.com\/en\/wp-json\/wp\/v2\/media\/34732"}],"wp:attachment":[{"href":"https:\/\/cityvisionshop.com\/en\/wp-json\/wp\/v2\/media?parent=34975"}],"wp:term":[{"taxonomy":"product_brand","embeddable":true,"href":"https:\/\/cityvisionshop.com\/en\/wp-json\/wp\/v2\/product_brand?post=34975"},{"taxonomy":"product_cat","embeddable":true,"href":"https:\/\/cityvisionshop.com\/en\/wp-json\/wp\/v2\/product_cat?post=34975"},{"taxonomy":"product_tag","embeddable":true,"href":"https:\/\/cityvisionshop.com\/en\/wp-json\/wp\/v2\/product_tag?post=34975"}],"curies":[{"name":"wp","href":"https:\/\/api.w.org\/{rel}","templated":true}]}}