{"id":35160,"date":"2026-02-10T05:53:31","date_gmt":"2026-02-10T03:53:31","guid":{"rendered":"https:\/\/cityvisionshop.com\/?post_type=product&#038;p=35160"},"modified":"2026-04-10T11:33:55","modified_gmt":"2026-04-10T09:33:55","slug":"201524-12-pcs-pack","status":"publish","type":"product","link":"https:\/\/cityvisionshop.com\/en\/shop\/201524-12-pcs-pack\/","title":{"rendered":"201524 (12 pcs\/Pack)"},"content":{"rendered":"<p>CityVision propose des lunettes de soleil polaris\u00e9es, offrant une protection optimale contre l\u2019\u00e9blouissement et une vision claire dans des conditions de forte luminosit\u00e9.<\/p>\n<p>Sold in boxes of 12<\/p>\n<p> Complies with the latest standards EN ISO 12312-1:2022 and also EN ISO 12312-1:2013\/A1:2015 <\/p>\n<p>Verres UV400 class\u00e9s en cat\u00e9gorie 4 : protection UV \u00e9lev\u00e9e contre les rayons du soleil, id\u00e9ale pour les journ\u00e9es ensoleill\u00e9es et les environnements lumineux. La cat\u00e9gorie du mod\u00e8le sp\u00e9cifique est marqu\u00e9e sur la branche de lunettes. <\/p>\n<p>Verres polarisants de haute qualit\u00e9 pour r\u00e9duire l\u2019\u00e9blouissement et am\u00e9liorer le contraste, parfaits pour les activit\u00e9s en plein air comme la conduite, la p\u00eache et le ski.<\/p>\n<p>Couleurs assorties pour les montures et teintes de verres vari\u00e9es, adapt\u00e9es \u00e0 tous les styles.<\/p>\n<p>Montures l\u00e9g\u00e8res et r\u00e9sistantes, combinant confort et durabilit\u00e9 pour un usage prolong\u00e9.<\/p>\n<p>Dimensions (indiqu\u00e9es sur les images) en millim\u00e8tres (mm) pour Calibre \/ Pont \/ Branche.<\/p>\n<p>Mat\u00e9riaux : monture disponible en m\u00e9tal ou en PVC, et verres en polycarbonate (PC) pour une protection renforc\u00e9e et une longue dur\u00e9e de vie.<\/p>","protected":false},"excerpt":{"rendered":"<p>CityVision propose des lunettes de soleil polaris\u00e9es, offrant une protection optimale contre l\u2019\u00e9blouissement et une vision claire dans des conditions de forte luminosit\u00e9. Vendues par bo\u00eete de 12 pi\u00e8ces Conformes aux normes le plus r\u00e9cent EN ISO 12312-1:2022 et aussi EN ISO 12312-1:2013\/A1:2015 Verres UV400 class\u00e9s en cat\u00e9gorie 4 : protection UV \u00e9lev\u00e9e contre les&#8230;<\/p>","protected":false},"featured_media":34902,"template":"","meta":{"_bst_post_transparent":"","_bst_post_title":"","_bst_post_layout":"","_bst_post_sidebar_id":"","_bst_post_content_style":"","_bst_post_vertical_padding":"","_bst_post_feature":"","_bst_post_feature_position":"","_bst_post_header":false,"_bst_post_footer":false},"product_brand":[],"product_cat":[124,122],"product_tag":[],"class_list":{"0":"post-35160","1":"product","2":"type-product","3":"status-publish","4":"has-post-thumbnail","6":"product_cat-nouveautes","7":"product_cat-polarized","9":"first","10":"instock","11":"taxable","12":"shipping-taxable","13":"product-type-simple","14":"entry","15":"content-bg","16":"loop-entry"},"_links":{"self":[{"href":"https:\/\/cityvisionshop.com\/en\/wp-json\/wp\/v2\/product\/35160","targetHints":{"allow":["GET"]}}],"collection":[{"href":"https:\/\/cityvisionshop.com\/en\/wp-json\/wp\/v2\/product"}],"about":[{"href":"https:\/\/cityvisionshop.com\/en\/wp-json\/wp\/v2\/types\/product"}],"version-history":[{"count":1,"href":"https:\/\/cityvisionshop.com\/en\/wp-json\/wp\/v2\/product\/35160\/revisions"}],"predecessor-version":[{"id":35190,"href":"https:\/\/cityvisionshop.com\/en\/wp-json\/wp\/v2\/product\/35160\/revisions\/35190"}],"wp:featuredmedia":[{"embeddable":true,"href":"https:\/\/cityvisionshop.com\/en\/wp-json\/wp\/v2\/media\/34902"}],"wp:attachment":[{"href":"https:\/\/cityvisionshop.com\/en\/wp-json\/wp\/v2\/media?parent=35160"}],"wp:term":[{"taxonomy":"product_brand","embeddable":true,"href":"https:\/\/cityvisionshop.com\/en\/wp-json\/wp\/v2\/product_brand?post=35160"},{"taxonomy":"product_cat","embeddable":true,"href":"https:\/\/cityvisionshop.com\/en\/wp-json\/wp\/v2\/product_cat?post=35160"},{"taxonomy":"product_tag","embeddable":true,"href":"https:\/\/cityvisionshop.com\/en\/wp-json\/wp\/v2\/product_tag?post=35160"}],"curies":[{"name":"wp","href":"https:\/\/api.w.org\/{rel}","templated":true}]}}